{"id":10123,"date":"2025-01-14T11:08:20","date_gmt":"2025-01-14T10:08:20","guid":{"rendered":"https:\/\/erzingerag.ch\/webshop\/?post_type=product&#038;p=10123"},"modified":"2025-01-14T11:08:20","modified_gmt":"2025-01-14T10:08:20","slug":"sony-tv-xr48a90kaep-48-3840-x-2160-ultra-hd-4k-oled","status":"publish","type":"product","link":"https:\/\/erzingerag.ch\/webshop\/produkt\/sony-tv-xr48a90kaep-48-3840-x-2160-ultra-hd-4k-oled\/","title":{"rendered":"Sony TV XR48A90KAEP 48&#8243;, 3840 x 2160 (Ultra HD 4K), OLED"},"content":{"rendered":"","protected":false},"excerpt":{"rendered":"<h2 class=\"ProductDescription-Title\">Sony TV XR48A90K 48&#8243;, 3840 x 2160 (Ultra HD 4K), OLED<\/h2>\n<h3 class=\"ProductDescription-Subtitle\">Ultra HD 4K OLED TV<\/h3>\n<div class=\"ProductDescription-BulletPoints\">\n<ul class=\"cds-List cds-List--Bulleted\">\n<li>Ultra HD OLED Fernseher mit einer Aufl\u00f6sung von 3840 x 2160<\/li>\n<li>XR OLED Contrast Pro, XR Triluminos Pro<\/li>\n<li>HDR-Unterst\u00fctzung mit HDR10, HLG, Dolby Vision,<\/li>\n<li>Dolby Atmos<\/li>\n<li>Android TV und Google TV mit Google Play Store, Chromecast\/Apple AirPlay 2\/Apple HomeKit<\/li>\n<\/ul>\n<\/div>\n<p>Ein beeindruckendes OLED-Erlebnis in kompakter Form &#8211; perfekt f\u00fcr Spiele! Das ist der Sony BRAVIA XR MASTER Series OLED XR-48A90K. Mit au\u00dfergew\u00f6hnlichen Farben, reinen Schwarzt\u00f6nen f\u00fcr lebensechte Tiefe und Textur und \u00fcberragenden Betrachtungswinkeln ist der Sony OLED<br \/>\neinfach atemberaubend.<\/p>\n<p>Jedes Detail wird auf diesem 4K-Fernseher verbessert &#8211; sogar 2K- und HD-Inhalte werden mit unserer XR 4K Upscaling-Technologie auf 4 K-Qualit\u00e4t hochskaliert. Die Farben sind wirklich spektakul\u00e4r, dank unserer bisher umfangreichsten Farbpalette, XR Triluminos Pro\u2122. F\u00fcr ein vollkommenes Eintauchen in die Welt der Sinne dient der Bildschirm als Lautsprecher. Acoustic Surface Audio+\u2122 kombiniert zwei Aktuatoren und einen Subwoofer in der Mitte des Bildschirms f\u00fcr einen wirklich beeindruckenden Klang, der genau zu dem passt, was auf dem Bildschirm zu sehen ist. Ihre gesamte Unterhaltung wird sogar auf 3D-Surround-Sound hochskaliert, ohne dass Sie zus\u00e4tzliche Lautsprecher ben\u00f6tigen!<\/p>\n<p>Diese unglaublichen Bild- und Tontechnologien sind in unser<br \/>\nwundersch\u00f6nes Metal Flush Surface Design mit einem 2-Wege-Standfu\u00df verpackt, so dass Sie eine Soundbar unter dem Fernseher anbringen oder ihn sogar als Gaming-Display auf einem Schreibtisch verwenden k\u00f6nnen. Unsere Premium-Fernbedienung mit Hintergrundbeleuchtung ist<br \/>\nebenfalls im Lieferumfang enthalten.<\/p>\n<p>Perfekt f\u00fcr PlayStation\u00ae5 und andere Konsolen, k\u00f6nnen sich Gamer einen Wettbewerbsvorteil verschaffen &#8211; mit einem extrem reaktionsschnellen, fl\u00fcssigen Gameplay, das durch den Auto Low Latency Mode in HDMI 2.1, eine variable Bildwiederholfrequenz (VRR) und weitere spezielle<br \/>\nGaming-Funktionen erm\u00f6glicht wird.<\/p>\n<p>Greifen Sie mit diesem Google TV auf mehr als 700.000 Filme und TV-Episoden zu &#8211; abgestimmt auf Ihre Interessen. Sie k\u00f6nnen sogar die Fernbedienung beiseite legen und die integrierte Sprachsuche verwenden, um neue Unterhaltungsangebote zu finden und Ihre anderen Smart Home-Ger\u00e4te zu steuern. Mit BRAVIA CAM (separat erh\u00e4ltlich) k\u00f6nnen Sie dies sogar noch weiter ausbauen und Gestensteuerung und Videochats mit<br \/>\nFreunden und Familie auf dem gro\u00dfen Bildschirm genie\u00dfen!<br \/>\nUnser exklusiver Streaming-Dienst BRAVIA CORE ist auf dem XR-42A90K enthalten und h\u00e4lt hunderte von Filmen f\u00fcr Sie bereit. &#8221;<\/p>\n<div class=\"ProductDescription-Paragraph\"><\/div>\n<div class=\"details__subline\">\n[fusion_builder_container admin_label=\"Test\" hundred_percent=\"no\" hundred_percent_height=\"no\" hundred_percent_height_scroll=\"no\" hundred_percent_height_center_content=\"yes\" equal_height_columns=\"yes\" menu_anchor=\"\" hide_on_mobile=\"small-visibility,medium-visibility,large-visibility\" status=\"published\" publish_date=\"\" class=\"\" id=\"\" link_color=\"\" link_hover_color=\"\" border_size=\"\" border_color=\"\" border_style=\"solid\" margin_top=\"\" margin_bottom=\"\" padding_top=\"\" padding_right=\"\" padding_bottom=\"\" padding_left=\"\" gradient_start_color=\"\" gradient_end_color=\"\" gradient_start_position=\"0\" gradient_end_position=\"100\" gradient_type=\"linear\" radial_direction=\"center center\" linear_angle=\"180\" background_color=\"\" background_image=\"\" background_position=\"center center\" background_repeat=\"no-repeat\" fade=\"no\" background_parallax=\"none\" enable_mobile=\"no\" parallax_speed=\"0.3\" background_blend_mode=\"none\" video_mp4=\"\" video_webm=\"\" video_ogv=\"\" video_url=\"\" video_aspect_ratio=\"16:9\" video_loop=\"yes\" video_mute=\"yes\" video_preview_image=\"\" filter_hue=\"0\" filter_saturation=\"100\" filter_brightness=\"100\" filter_contrast=\"100\" filter_invert=\"0\" filter_sepia=\"0\" filter_opacity=\"100\" filter_blur=\"0\" filter_hue_hover=\"0\" filter_saturation_hover=\"100\" filter_brightness_hover=\"100\" filter_contrast_hover=\"100\" filter_invert_hover=\"0\" filter_sepia_hover=\"0\" filter_opacity_hover=\"100\" filter_blur_hover=\"0\"][fusion_builder_row][fusion_builder_column type=\"3_4\" layout=\"3_4\" spacing=\"\" center_content=\"no\" link=\"\" target=\"_self\" min_height=\"\" hide_on_mobile=\"small-visibility,medium-visibility,large-visibility\" class=\"\" id=\"\" hover_type=\"none\" border_size=\"0\" border_color=\"\" border_style=\"solid\" border_position=\"all\" border_radius=\"\" box_shadow=\"no\" dimension_box_shadow=\"\" box_shadow_blur=\"0\" box_shadow_spread=\"0\" box_shadow_color=\"\" box_shadow_style=\"\" padding_top=\"\" padding_right=\"\" padding_bottom=\"\" padding_left=\"\" margin_top=\"\" margin_bottom=\"\" background_type=\"single\" gradient_start_color=\"\" gradient_end_color=\"\" gradient_start_position=\"0\" gradient_end_position=\"100\" gradient_type=\"linear\" radial_direction=\"center center\" linear_angle=\"180\" background_color=\"\" background_image=\"\" background_image_id=\"\" background_position=\"left top\" background_repeat=\"no-repeat\" background_blend_mode=\"none\" animation_type=\"\" animation_direction=\"left\" animation_speed=\"0.3\" animation_offset=\"\" filter_type=\"regular\" filter_hue=\"0\" filter_saturation=\"100\" filter_brightness=\"100\" filter_contrast=\"100\" filter_invert=\"0\" filter_sepia=\"0\" filter_opacity=\"100\" filter_blur=\"0\" filter_hue_hover=\"0\" filter_saturation_hover=\"100\" filter_brightness_hover=\"100\" filter_contrast_hover=\"100\" filter_invert_hover=\"0\" filter_sepia_hover=\"0\" filter_opacity_hover=\"100\" filter_blur_hover=\"0\" last=\"no\"][fusion_text columns=\"\" column_min_width=\"\" column_spacing=\"\" rule_style=\"default\" rule_size=\"\" rule_color=\"\" hide_on_mobile=\"small-visibility,medium-visibility,large-visibility\" class=\"\" id=\"\" animation_type=\"\" animation_direction=\"left\" animation_speed=\"0.3\" animation_offset=\"\"][fusion_fontawesome icon=\"fa-check fas\" size=\"\" flip=\"\" rotate=\"\" spin=\"no\" alignment=\"\" hide_on_mobile=\"small-visibility,medium-visibility,large-visibility\" class=\"\" id=\"\" margin_top=\"\" margin_right=\"\" margin_bottom=\"\" margin_left=\"\" circle=\"no\" iconcolor=\"#8bc34a\" circlecolor=\"\" circlebordercolor=\"\" animation_type=\"\" animation_direction=\"down\" animation_speed=\"0.1\" animation_offset=\"\" iconcolor_hover=\"#8bc34a\" circlecolor_hover=\"\" circlebordercolor_hover=\"\" \/]Auf wunsch k\u00f6nnen die Artikel von unserem geschulten Serviceteam geliefert, installiert und an Sie instruiert werden.[\/fusion_text][\/fusion_builder_column][fusion_builder_column type=\"1_4\" spacing=\"\" center_content=\"yes\" link=\"\" target=\"_self\" min_height=\"\" hide_on_mobile=\"small-visibility,medium-visibility,large-visibility\" class=\"\" id=\"\" background_image_id=\"\" hover_type=\"none\" border_size=\"0\" border_color=\"\" border_style=\"solid\" border_position=\"all\" border_radius_top_left=\"\" border_radius_top_right=\"\" border_radius_bottom_right=\"\" border_radius_bottom_left=\"\" box_shadow=\"no\" box_shadow_vertical=\"\" box_shadow_horizontal=\"\" box_shadow_blur=\"0\" box_shadow_spread=\"0\" box_shadow_color=\"\" box_shadow_style=\"\" padding_top=\"\" padding_right=\"\" padding_bottom=\"\" padding_left=\"\" margin_top=\"\" margin_bottom=\"\" background_type=\"single\" gradient_start_color=\"\" gradient_end_color=\"\" gradient_start_position=\"0\" gradient_end_position=\"100\" gradient_type=\"linear\" radial_direction=\"center center\" linear_angle=\"180\" background_color=\"\" background_image=\"\" background_position=\"left top\" background_repeat=\"no-repeat\" background_blend_mode=\"none\" animation_type=\"\" animation_direction=\"left\" animation_speed=\"0.3\" animation_offset=\"\" filter_type=\"regular\" filter_hue=\"0\" filter_saturation=\"100\" filter_brightness=\"100\" filter_contrast=\"100\" filter_invert=\"0\" filter_sepia=\"0\" filter_opacity=\"100\" filter_blur=\"0\" filter_hue_hover=\"0\" filter_saturation_hover=\"100\" filter_brightness_hover=\"100\" filter_contrast_hover=\"100\" filter_invert_hover=\"0\" filter_sepia_hover=\"0\" filter_opacity_hover=\"100\" filter_blur_hover=\"0\" last=\"no\"][fusion_text]<\/p>\n<p style=\"text-align: right;\"><a class=\"switchtab\" href=\"#tab-offerte-anfragen\"><button class=\"single_add_to_cart_button button alt\">Anfragen<\/button><\/a><\/p>\n<p>[\/fusion_text][\/fusion_builder_column][\/fusion_builder_row][\/fusion_builder_container]\n<p>&nbsp;<\/p>\n<\/div>\n<p><strong>Der angegebene Preis bezieht sich auf das St\u00fcck!<\/strong><\/p>\n","protected":false},"featured_media":10122,"comment_status":"open","ping_status":"closed","template":"","meta":{"_monsterinsights_skip_tracking":false,"_monsterinsights_sitenote_active":false,"_monsterinsights_sitenote_note":"","_monsterinsights_sitenote_category":0},"product_brand":[],"product_cat":[20,25],"product_tag":[],"woo-feed-brand":[],"class_list":{"0":"post-10123","1":"product","2":"type-product","3":"status-publish","4":"has-post-thumbnail","6":"product_cat-tv-und-heimkino","7":"product_cat-tv","8":"pa_display-groesse-48ca-121cm","9":"pa_farbe-schwarz","10":"pa_preis-preis-pro-stueck","12":"first","13":"instock","14":"shipping-taxable","15":"purchasable","16":"product-type-simple"},"_links":{"self":[{"href":"https:\/\/erzingerag.ch\/webshop\/wp-json\/wp\/v2\/product\/10123","targetHints":{"allow":["GET"]}}],"collection":[{"href":"https:\/\/erzingerag.ch\/webshop\/wp-json\/wp\/v2\/product"}],"about":[{"href":"https:\/\/erzingerag.ch\/webshop\/wp-json\/wp\/v2\/types\/product"}],"replies":[{"embeddable":true,"href":"https:\/\/erzingerag.ch\/webshop\/wp-json\/wp\/v2\/comments?post=10123"}],"wp:featuredmedia":[{"embeddable":true,"href":"https:\/\/erzingerag.ch\/webshop\/wp-json\/wp\/v2\/media\/10122"}],"wp:attachment":[{"href":"https:\/\/erzingerag.ch\/webshop\/wp-json\/wp\/v2\/media?parent=10123"}],"wp:term":[{"taxonomy":"product_brand","embeddable":true,"href":"https:\/\/erzingerag.ch\/webshop\/wp-json\/wp\/v2\/product_brand?post=10123"},{"taxonomy":"product_cat","embeddable":true,"href":"https:\/\/erzingerag.ch\/webshop\/wp-json\/wp\/v2\/product_cat?post=10123"},{"taxonomy":"product_tag","embeddable":true,"href":"https:\/\/erzingerag.ch\/webshop\/wp-json\/wp\/v2\/product_tag?post=10123"},{"taxonomy":"woo-feed-brand","embeddable":true,"href":"https:\/\/erzingerag.ch\/webshop\/wp-json\/wp\/v2\/woo-feed-brand?post=10123"}],"curies":[{"name":"wp","href":"https:\/\/api.w.org\/{rel}","templated":true}]}}