{"id":10536,"date":"2025-03-14T12:00:18","date_gmt":"2025-03-14T11:00:18","guid":{"rendered":"https:\/\/erzingerag.ch\/webshop\/?post_type=product&#038;p=10536"},"modified":"2025-03-14T12:03:30","modified_gmt":"2025-03-14T11:03:30","slug":"bw-px7-s2e-over-ear-bluetooth-kopfhoerer-forest-green","status":"publish","type":"product","link":"https:\/\/erzingerag.ch\/webshop\/produkt\/bw-px7-s2e-over-ear-bluetooth-kopfhoerer-forest-green\/","title":{"rendered":"B&#038;W Px7 S2e Over-ear Bluetooth Kopfh\u00f6rer (Forest Green)"},"content":{"rendered":"","protected":false},"excerpt":{"rendered":"<p>Der Px7 S2e ist die neueste Version unseres erfolgreichen kabellosen Kopfh\u00f6rers der Einstiegsklasse. Das &#8220;e&#8221; steht f\u00fcr &#8220;evolved&#8221;, denn der Px7 S2e wurde von unserem Flaggschiff, dem kabellosen Kopfh\u00f6rer Px8, inspiriert und weiterentwickelt. Gepaart mit einer neuen Klangabstimmung setzt er Ma\u00dfst\u00e4be in seiner Klasse.<\/p>\n","protected":false},"featured_media":10525,"comment_status":"open","ping_status":"closed","template":"","meta":{"_monsterinsights_skip_tracking":false,"_monsterinsights_sitenote_active":false,"_monsterinsights_sitenote_note":"","_monsterinsights_sitenote_category":0},"product_brand":[],"product_cat":[16,1013],"product_tag":[],"woo-feed-brand":[],"class_list":{"0":"post-10536","1":"product","2":"type-product","3":"status-publish","4":"has-post-thumbnail","6":"product_cat-audio","7":"product_cat-kopfhoerer","8":"pa_farbe-gruen","9":"pa_preis-preis-pro-stueck","11":"first","12":"instock","13":"shipping-taxable","14":"purchasable","15":"product-type-simple"},"_links":{"self":[{"href":"https:\/\/erzingerag.ch\/webshop\/wp-json\/wp\/v2\/product\/10536","targetHints":{"allow":["GET"]}}],"collection":[{"href":"https:\/\/erzingerag.ch\/webshop\/wp-json\/wp\/v2\/product"}],"about":[{"href":"https:\/\/erzingerag.ch\/webshop\/wp-json\/wp\/v2\/types\/product"}],"replies":[{"embeddable":true,"href":"https:\/\/erzingerag.ch\/webshop\/wp-json\/wp\/v2\/comments?post=10536"}],"wp:featuredmedia":[{"embeddable":true,"href":"https:\/\/erzingerag.ch\/webshop\/wp-json\/wp\/v2\/media\/10525"}],"wp:attachment":[{"href":"https:\/\/erzingerag.ch\/webshop\/wp-json\/wp\/v2\/media?parent=10536"}],"wp:term":[{"taxonomy":"product_brand","embeddable":true,"href":"https:\/\/erzingerag.ch\/webshop\/wp-json\/wp\/v2\/product_brand?post=10536"},{"taxonomy":"product_cat","embeddable":true,"href":"https:\/\/erzingerag.ch\/webshop\/wp-json\/wp\/v2\/product_cat?post=10536"},{"taxonomy":"product_tag","embeddable":true,"href":"https:\/\/erzingerag.ch\/webshop\/wp-json\/wp\/v2\/product_tag?post=10536"},{"taxonomy":"woo-feed-brand","embeddable":true,"href":"https:\/\/erzingerag.ch\/webshop\/wp-json\/wp\/v2\/woo-feed-brand?post=10536"}],"curies":[{"name":"wp","href":"https:\/\/api.w.org\/{rel}","templated":true}]}}