{"id":10593,"date":"2025-03-18T16:21:37","date_gmt":"2025-03-18T15:21:37","guid":{"rendered":"https:\/\/erzingerag.ch\/webshop\/?post_type=product&#038;p=10593"},"modified":"2025-03-18T16:23:19","modified_gmt":"2025-03-18T15:23:19","slug":"bw-pi6-true-wireless-in-ear-kopfhoerer-grau","status":"publish","type":"product","link":"https:\/\/erzingerag.ch\/webshop\/produkt\/bw-pi6-true-wireless-in-ear-kopfhoerer-grau\/","title":{"rendered":"B&#038;W Pi6 True Wireless In-Ear-Kopfh\u00f6rer (Grau)"},"content":{"rendered":"","protected":false},"excerpt":{"rendered":"<p>Pi6. Ein In-Ear-Kopfh\u00f6rer, der Spitzenleistung in seiner True Wireless-Kategorie definiert. Erstklassige Audio-Performance, ma\u00dfgeschneidertes Noise Cancelling und kristallklare Anrufqualit\u00e4t treffen auf den Komfort und die Eleganz von durchdachtem Kopfh\u00f6rerdesign.<\/p>\n","protected":false},"featured_media":10589,"comment_status":"open","ping_status":"closed","template":"","meta":{"_monsterinsights_skip_tracking":false,"_monsterinsights_sitenote_active":false,"_monsterinsights_sitenote_note":"","_monsterinsights_sitenote_category":0},"product_brand":[],"product_cat":[1013,16],"product_tag":[],"woo-feed-brand":[],"class_list":{"0":"post-10593","1":"product","2":"type-product","3":"status-publish","4":"has-post-thumbnail","6":"product_cat-kopfhoerer","7":"product_cat-audio","8":"pa_farbe-grau","9":"pa_preis-preis-pro-stueck","11":"first","12":"instock","13":"shipping-taxable","14":"purchasable","15":"product-type-simple"},"_links":{"self":[{"href":"https:\/\/erzingerag.ch\/webshop\/wp-json\/wp\/v2\/product\/10593","targetHints":{"allow":["GET"]}}],"collection":[{"href":"https:\/\/erzingerag.ch\/webshop\/wp-json\/wp\/v2\/product"}],"about":[{"href":"https:\/\/erzingerag.ch\/webshop\/wp-json\/wp\/v2\/types\/product"}],"replies":[{"embeddable":true,"href":"https:\/\/erzingerag.ch\/webshop\/wp-json\/wp\/v2\/comments?post=10593"}],"wp:featuredmedia":[{"embeddable":true,"href":"https:\/\/erzingerag.ch\/webshop\/wp-json\/wp\/v2\/media\/10589"}],"wp:attachment":[{"href":"https:\/\/erzingerag.ch\/webshop\/wp-json\/wp\/v2\/media?parent=10593"}],"wp:term":[{"taxonomy":"product_brand","embeddable":true,"href":"https:\/\/erzingerag.ch\/webshop\/wp-json\/wp\/v2\/product_brand?post=10593"},{"taxonomy":"product_cat","embeddable":true,"href":"https:\/\/erzingerag.ch\/webshop\/wp-json\/wp\/v2\/product_cat?post=10593"},{"taxonomy":"product_tag","embeddable":true,"href":"https:\/\/erzingerag.ch\/webshop\/wp-json\/wp\/v2\/product_tag?post=10593"},{"taxonomy":"woo-feed-brand","embeddable":true,"href":"https:\/\/erzingerag.ch\/webshop\/wp-json\/wp\/v2\/woo-feed-brand?post=10593"}],"curies":[{"name":"wp","href":"https:\/\/api.w.org\/{rel}","templated":true}]}}