{"id":1532,"date":"2020-06-08T08:36:13","date_gmt":"2020-06-08T06:36:13","guid":{"rendered":"http:\/\/erzingerag.ch\/webshop\/?post_type=product&#038;p=1532"},"modified":"2020-08-21T08:40:45","modified_gmt":"2020-08-21T06:40:45","slug":"bw-ct-8-xo","status":"publish","type":"product","link":"https:\/\/erzingerag.ch\/webshop\/produkt\/bw-ct-8-xo\/","title":{"rendered":"B&amp;W CT 8 XO"},"content":{"rendered":"","protected":false},"excerpt":{"rendered":"<p>In Zusammenarbeit mit dem weltweit f\u00fchrenden Hersteller von Audiokomponenten Class\u00e9 hat B &amp; W ein Bass-Management-System f\u00fcr die CT800-Reihe entwickelt, dessen Klarheit und Leistung Sie sprachlos machen. Bei herk\u00f6mmlichen Heimkinosystemen wird der sehr tiefe Bass von den Front- und Surround-Kan\u00e4len h\u00e4ufig zusammen mit dem LFE-Kanal (Low Frequency Effects) in einen einzigen Subwoofer gedr\u00fcckt.<\/p>\n<p>Vergleichen Sie dies mit einem CT800-System, bei dem ein Subwoofer aktiv mit jedem der vorderen linken und rechten Kan\u00e4le kombiniert wird, sodass sie wirklich die volle Reichweite haben und Richtungsinformationen wie beabsichtigt auf den niedrigsten Frequenzen erhalten. Tats\u00e4chlich k\u00f6nnen Sie jedem Front- oder Surround-Kanal bis zu 4 Subwoofer zuweisen. Der einzelne LFE-Kanal wird dann auf alle Subwoofer verteilt, wodurch ein viel nat\u00fcrlicheres Raum- und Ambientegef\u00fchl entsteht. Selbst bei sehr hohen Lautst\u00e4rken beh\u00e4lt das System die vollst\u00e4ndige Kontrolle \u00fcber seine Ausgabe. Alles was Sie tun m\u00fcssen, ist sich an Ihrem Sitz festzuhalten.<br \/>\n[fusion_builder_container admin_label=\"Test\" hundred_percent=\"no\" hundred_percent_height=\"no\" hundred_percent_height_scroll=\"no\" hundred_percent_height_center_content=\"yes\" equal_height_columns=\"yes\" menu_anchor=\"\" hide_on_mobile=\"small-visibility,medium-visibility,large-visibility\" status=\"published\" publish_date=\"\" class=\"\" id=\"\" link_color=\"\" link_hover_color=\"\" border_size=\"\" border_color=\"\" border_style=\"solid\" margin_top=\"\" margin_bottom=\"\" padding_top=\"\" padding_right=\"\" padding_bottom=\"\" padding_left=\"\" gradient_start_color=\"\" gradient_end_color=\"\" gradient_start_position=\"0\" gradient_end_position=\"100\" gradient_type=\"linear\" radial_direction=\"center center\" linear_angle=\"180\" background_color=\"\" background_image=\"\" background_position=\"center center\" background_repeat=\"no-repeat\" fade=\"no\" background_parallax=\"none\" enable_mobile=\"no\" parallax_speed=\"0.3\" background_blend_mode=\"none\" video_mp4=\"\" video_webm=\"\" video_ogv=\"\" video_url=\"\" video_aspect_ratio=\"16:9\" video_loop=\"yes\" video_mute=\"yes\" video_preview_image=\"\" filter_hue=\"0\" filter_saturation=\"100\" filter_brightness=\"100\" filter_contrast=\"100\" filter_invert=\"0\" filter_sepia=\"0\" filter_opacity=\"100\" filter_blur=\"0\" filter_hue_hover=\"0\" filter_saturation_hover=\"100\" filter_brightness_hover=\"100\" filter_contrast_hover=\"100\" filter_invert_hover=\"0\" filter_sepia_hover=\"0\" filter_opacity_hover=\"100\" filter_blur_hover=\"0\"][fusion_builder_row][fusion_builder_column type=\"3_4\" layout=\"3_4\" spacing=\"\" center_content=\"no\" link=\"\" target=\"_self\" min_height=\"\" hide_on_mobile=\"small-visibility,medium-visibility,large-visibility\" class=\"\" id=\"\" hover_type=\"none\" border_size=\"0\" border_color=\"\" border_style=\"solid\" border_position=\"all\" border_radius=\"\" box_shadow=\"no\" dimension_box_shadow=\"\" box_shadow_blur=\"0\" box_shadow_spread=\"0\" box_shadow_color=\"\" box_shadow_style=\"\" padding_top=\"\" padding_right=\"\" padding_bottom=\"\" padding_left=\"\" margin_top=\"\" margin_bottom=\"\" background_type=\"single\" gradient_start_color=\"\" gradient_end_color=\"\" gradient_start_position=\"0\" gradient_end_position=\"100\" gradient_type=\"linear\" radial_direction=\"center center\" linear_angle=\"180\" background_color=\"\" background_image=\"\" background_image_id=\"\" background_position=\"left top\" background_repeat=\"no-repeat\" background_blend_mode=\"none\" animation_type=\"\" animation_direction=\"left\" animation_speed=\"0.3\" animation_offset=\"\" filter_type=\"regular\" filter_hue=\"0\" filter_saturation=\"100\" filter_brightness=\"100\" filter_contrast=\"100\" filter_invert=\"0\" filter_sepia=\"0\" filter_opacity=\"100\" filter_blur=\"0\" filter_hue_hover=\"0\" filter_saturation_hover=\"100\" filter_brightness_hover=\"100\" filter_contrast_hover=\"100\" filter_invert_hover=\"0\" filter_sepia_hover=\"0\" filter_opacity_hover=\"100\" filter_blur_hover=\"0\" last=\"no\"][fusion_text columns=\"\" column_min_width=\"\" column_spacing=\"\" rule_style=\"default\" rule_size=\"\" rule_color=\"\" hide_on_mobile=\"small-visibility,medium-visibility,large-visibility\" class=\"\" id=\"\" animation_type=\"\" animation_direction=\"left\" animation_speed=\"0.3\" animation_offset=\"\"][fusion_fontawesome icon=\"fa-check fas\" size=\"\" flip=\"\" rotate=\"\" spin=\"no\" alignment=\"\" hide_on_mobile=\"small-visibility,medium-visibility,large-visibility\" class=\"\" id=\"\" margin_top=\"\" margin_right=\"\" margin_bottom=\"\" margin_left=\"\" circle=\"no\" iconcolor=\"#8bc34a\" circlecolor=\"\" circlebordercolor=\"\" animation_type=\"\" animation_direction=\"down\" animation_speed=\"0.1\" animation_offset=\"\" iconcolor_hover=\"#8bc34a\" circlecolor_hover=\"\" circlebordercolor_hover=\"\" \/]Auf wunsch k\u00f6nnen die Artikel von unserem geschulten Serviceteam geliefert, installiert und an Sie instruiert werden.[\/fusion_text][\/fusion_builder_column][fusion_builder_column type=\"1_4\" spacing=\"\" center_content=\"yes\" link=\"\" target=\"_self\" min_height=\"\" hide_on_mobile=\"small-visibility,medium-visibility,large-visibility\" class=\"\" id=\"\" background_image_id=\"\" hover_type=\"none\" border_size=\"0\" border_color=\"\" border_style=\"solid\" border_position=\"all\" border_radius_top_left=\"\" border_radius_top_right=\"\" border_radius_bottom_right=\"\" border_radius_bottom_left=\"\" box_shadow=\"no\" box_shadow_vertical=\"\" box_shadow_horizontal=\"\" box_shadow_blur=\"0\" box_shadow_spread=\"0\" box_shadow_color=\"\" box_shadow_style=\"\" padding_top=\"\" padding_right=\"\" padding_bottom=\"\" padding_left=\"\" margin_top=\"\" margin_bottom=\"\" background_type=\"single\" gradient_start_color=\"\" gradient_end_color=\"\" gradient_start_position=\"0\" gradient_end_position=\"100\" gradient_type=\"linear\" radial_direction=\"center center\" linear_angle=\"180\" background_color=\"\" background_image=\"\" background_position=\"left top\" background_repeat=\"no-repeat\" background_blend_mode=\"none\" animation_type=\"\" animation_direction=\"left\" animation_speed=\"0.3\" animation_offset=\"\" filter_type=\"regular\" filter_hue=\"0\" filter_saturation=\"100\" filter_brightness=\"100\" filter_contrast=\"100\" filter_invert=\"0\" filter_sepia=\"0\" filter_opacity=\"100\" filter_blur=\"0\" filter_hue_hover=\"0\" filter_saturation_hover=\"100\" filter_brightness_hover=\"100\" filter_contrast_hover=\"100\" filter_invert_hover=\"0\" filter_sepia_hover=\"0\" filter_opacity_hover=\"100\" filter_blur_hover=\"0\" last=\"no\"][fusion_text]<\/p>\n<p style=\"text-align: right\"><a class=\"switchtab\" href=\"#tab-offerte-anfragen\"><button class=\"single_add_to_cart_button button alt\">Anfragen<\/button><\/a><\/p>\n<p>[\/fusion_text][\/fusion_builder_column][\/fusion_builder_row][\/fusion_builder_container]<\/p>\n","protected":false},"featured_media":1533,"comment_status":"open","ping_status":"closed","template":"","meta":{"_monsterinsights_skip_tracking":false,"_monsterinsights_sitenote_active":false,"_monsterinsights_sitenote_note":"","_monsterinsights_sitenote_category":0},"product_brand":[],"product_cat":[20],"product_tag":[],"woo-feed-brand":[],"class_list":{"0":"post-1532","1":"product","2":"type-product","3":"status-publish","4":"has-post-thumbnail","6":"product_cat-tv-und-heimkino","7":"pa_farbe-schwarz","9":"first","10":"instock","11":"shipping-taxable","12":"purchasable","13":"product-type-simple"},"_links":{"self":[{"href":"https:\/\/erzingerag.ch\/webshop\/wp-json\/wp\/v2\/product\/1532","targetHints":{"allow":["GET"]}}],"collection":[{"href":"https:\/\/erzingerag.ch\/webshop\/wp-json\/wp\/v2\/product"}],"about":[{"href":"https:\/\/erzingerag.ch\/webshop\/wp-json\/wp\/v2\/types\/product"}],"replies":[{"embeddable":true,"href":"https:\/\/erzingerag.ch\/webshop\/wp-json\/wp\/v2\/comments?post=1532"}],"wp:featuredmedia":[{"embeddable":true,"href":"https:\/\/erzingerag.ch\/webshop\/wp-json\/wp\/v2\/media\/1533"}],"wp:attachment":[{"href":"https:\/\/erzingerag.ch\/webshop\/wp-json\/wp\/v2\/media?parent=1532"}],"wp:term":[{"taxonomy":"product_brand","embeddable":true,"href":"https:\/\/erzingerag.ch\/webshop\/wp-json\/wp\/v2\/product_brand?post=1532"},{"taxonomy":"product_cat","embeddable":true,"href":"https:\/\/erzingerag.ch\/webshop\/wp-json\/wp\/v2\/product_cat?post=1532"},{"taxonomy":"product_tag","embeddable":true,"href":"https:\/\/erzingerag.ch\/webshop\/wp-json\/wp\/v2\/product_tag?post=1532"},{"taxonomy":"woo-feed-brand","embeddable":true,"href":"https:\/\/erzingerag.ch\/webshop\/wp-json\/wp\/v2\/woo-feed-brand?post=1532"}],"curies":[{"name":"wp","href":"https:\/\/api.w.org\/{rel}","templated":true}]}}