{"id":1632,"date":"2020-06-08T16:13:14","date_gmt":"2020-06-08T14:13:14","guid":{"rendered":"http:\/\/erzingerag.ch\/webshop\/?post_type=product&#038;p=1632"},"modified":"2025-02-18T17:43:40","modified_gmt":"2025-02-18T16:43:40","slug":"maranz-av-8805-vorverstaerker-schwarz","status":"publish","type":"product","link":"https:\/\/erzingerag.ch\/webshop\/produkt\/maranz-av-8805-vorverstaerker-schwarz\/","title":{"rendered":"Marantz AV-8805 Vorverst\u00e4rker (schwarz)"},"content":{"rendered":"","protected":false},"excerpt":{"rendered":"<div class=\"ExternalClass4FB35C32319E46E69359D88A9B3131B7\">\n<p><strong>Marantz AV-8805 &#8211; Ein Meisterwerk der Audio-Architektur\u00a0<\/strong><\/p>\n<p>&nbsp;<\/p>\n<p>Der AV8805 ist das neue Spitzenmodell im AV-Vorverst\u00e4rker-Segment. Dieses Produkt ist das bisher leistungsst\u00e4rkste und vielseitigste seiner Art in der Unternehmensgeschichte, es definiert audiophiles Heimkino und Musikh\u00f6ren mit einer beispiellosen 13.2-Kanal-Signalverarbeitung neu und unterst\u00fctzt praktisch jedes Mehrkanal-Audioformat. Daf\u00fcr sorgen neben der kennzeichnenden Marantz Premium-Verarbeitungsqualit\u00e4t speziell entwickelte Komponenten wie die patentierten Hyper Dynamic Amplifier Module (HDAMs), die f\u00fcr alle 15 Kan\u00e4le separat auf eigenen Platinen zur Verf\u00fcgung stehen. Optimierungen im Bereich des Netzteils, Ringkerntransformators und kupferbeschichteten Chassis sowie in anderen Sektionen stellen eine exzellente Soundqualit\u00e4t sicher. Der AV8805 kombiniert modernste Audio- und Video-Technik (von 3D-Sound bis 4K) mit dem charakteristischen Klang, f\u00fcr den Marantz seit rund 65 Jahren steht. Umfangreiche Netzwerk-Streaming-Features, AirPlay und Bluetooth geh\u00f6ren ebenso zum Portfolio wie echtes Multiroom durch die integrierte firmeneigene HEOS Technologie. Erh\u00e4ltlich ab Februar 2018 in der Farbe Schwarz.<\/p>\n<p>Ihr Fachgesch\u00e4ft f\u00fcr Geb\u00e4udeautomation \/ Home Automation und Smart Home in Baar und Zug<\/p>\n<\/div>\n<p>&nbsp;<\/p>\n[fusion_builder_container admin_label=\"Test\" hundred_percent=\"no\" hundred_percent_height=\"no\" hundred_percent_height_scroll=\"no\" hundred_percent_height_center_content=\"yes\" equal_height_columns=\"yes\" menu_anchor=\"\" hide_on_mobile=\"small-visibility,medium-visibility,large-visibility\" status=\"published\" publish_date=\"\" class=\"\" id=\"\" link_color=\"\" link_hover_color=\"\" border_size=\"\" border_color=\"\" border_style=\"solid\" margin_top=\"\" margin_bottom=\"\" padding_top=\"\" padding_right=\"\" padding_bottom=\"\" padding_left=\"\" gradient_start_color=\"\" gradient_end_color=\"\" gradient_start_position=\"0\" gradient_end_position=\"100\" gradient_type=\"linear\" radial_direction=\"center center\" linear_angle=\"180\" background_color=\"\" background_image=\"\" background_position=\"center center\" background_repeat=\"no-repeat\" fade=\"no\" background_parallax=\"none\" enable_mobile=\"no\" parallax_speed=\"0.3\" background_blend_mode=\"none\" video_mp4=\"\" video_webm=\"\" video_ogv=\"\" video_url=\"\" video_aspect_ratio=\"16:9\" video_loop=\"yes\" video_mute=\"yes\" video_preview_image=\"\" filter_hue=\"0\" filter_saturation=\"100\" filter_brightness=\"100\" filter_contrast=\"100\" filter_invert=\"0\" filter_sepia=\"0\" filter_opacity=\"100\" filter_blur=\"0\" filter_hue_hover=\"0\" filter_saturation_hover=\"100\" filter_brightness_hover=\"100\" filter_contrast_hover=\"100\" filter_invert_hover=\"0\" filter_sepia_hover=\"0\" filter_opacity_hover=\"100\" filter_blur_hover=\"0\"][fusion_builder_row][fusion_builder_column type=\"3_4\" layout=\"3_4\" spacing=\"\" center_content=\"no\" link=\"\" target=\"_self\" min_height=\"\" hide_on_mobile=\"small-visibility,medium-visibility,large-visibility\" class=\"\" id=\"\" hover_type=\"none\" border_size=\"0\" border_color=\"\" border_style=\"solid\" border_position=\"all\" border_radius=\"\" box_shadow=\"no\" dimension_box_shadow=\"\" box_shadow_blur=\"0\" box_shadow_spread=\"0\" box_shadow_color=\"\" box_shadow_style=\"\" padding_top=\"\" padding_right=\"\" padding_bottom=\"\" padding_left=\"\" margin_top=\"\" margin_bottom=\"\" background_type=\"single\" gradient_start_color=\"\" gradient_end_color=\"\" gradient_start_position=\"0\" gradient_end_position=\"100\" gradient_type=\"linear\" radial_direction=\"center center\" linear_angle=\"180\" background_color=\"\" background_image=\"\" background_image_id=\"\" background_position=\"left top\" background_repeat=\"no-repeat\" background_blend_mode=\"none\" animation_type=\"\" animation_direction=\"left\" animation_speed=\"0.3\" animation_offset=\"\" filter_type=\"regular\" filter_hue=\"0\" filter_saturation=\"100\" filter_brightness=\"100\" filter_contrast=\"100\" filter_invert=\"0\" filter_sepia=\"0\" filter_opacity=\"100\" filter_blur=\"0\" filter_hue_hover=\"0\" filter_saturation_hover=\"100\" filter_brightness_hover=\"100\" filter_contrast_hover=\"100\" filter_invert_hover=\"0\" filter_sepia_hover=\"0\" filter_opacity_hover=\"100\" filter_blur_hover=\"0\" last=\"no\"][fusion_text columns=\"\" column_min_width=\"\" column_spacing=\"\" rule_style=\"default\" rule_size=\"\" rule_color=\"\" hide_on_mobile=\"small-visibility,medium-visibility,large-visibility\" class=\"\" id=\"\" animation_type=\"\" animation_direction=\"left\" animation_speed=\"0.3\" animation_offset=\"\"][fusion_fontawesome icon=\"fa-check fas\" size=\"\" flip=\"\" rotate=\"\" spin=\"no\" alignment=\"\" hide_on_mobile=\"small-visibility,medium-visibility,large-visibility\" class=\"\" id=\"\" margin_top=\"\" margin_right=\"\" margin_bottom=\"\" margin_left=\"\" circle=\"no\" iconcolor=\"#8bc34a\" circlecolor=\"\" circlebordercolor=\"\" animation_type=\"\" animation_direction=\"down\" animation_speed=\"0.1\" animation_offset=\"\" iconcolor_hover=\"#8bc34a\" circlecolor_hover=\"\" circlebordercolor_hover=\"\" \/]Auf wunsch k\u00f6nnen die Artikel von unserem geschulten Serviceteam geliefert, installiert und an Sie instruiert werden.[\/fusion_text][\/fusion_builder_column][fusion_builder_column type=\"1_4\" spacing=\"\" center_content=\"yes\" link=\"\" target=\"_self\" min_height=\"\" hide_on_mobile=\"small-visibility,medium-visibility,large-visibility\" class=\"\" id=\"\" background_image_id=\"\" hover_type=\"none\" border_size=\"0\" border_color=\"\" border_style=\"solid\" border_position=\"all\" border_radius_top_left=\"\" border_radius_top_right=\"\" border_radius_bottom_right=\"\" border_radius_bottom_left=\"\" box_shadow=\"no\" box_shadow_vertical=\"\" box_shadow_horizontal=\"\" box_shadow_blur=\"0\" box_shadow_spread=\"0\" box_shadow_color=\"\" box_shadow_style=\"\" padding_top=\"\" padding_right=\"\" padding_bottom=\"\" padding_left=\"\" margin_top=\"\" margin_bottom=\"\" background_type=\"single\" gradient_start_color=\"\" gradient_end_color=\"\" gradient_start_position=\"0\" gradient_end_position=\"100\" gradient_type=\"linear\" radial_direction=\"center center\" linear_angle=\"180\" background_color=\"\" background_image=\"\" background_position=\"left top\" background_repeat=\"no-repeat\" background_blend_mode=\"none\" animation_type=\"\" animation_direction=\"left\" animation_speed=\"0.3\" animation_offset=\"\" filter_type=\"regular\" filter_hue=\"0\" filter_saturation=\"100\" filter_brightness=\"100\" filter_contrast=\"100\" filter_invert=\"0\" filter_sepia=\"0\" filter_opacity=\"100\" filter_blur=\"0\" filter_hue_hover=\"0\" filter_saturation_hover=\"100\" filter_brightness_hover=\"100\" filter_contrast_hover=\"100\" filter_invert_hover=\"0\" filter_sepia_hover=\"0\" filter_opacity_hover=\"100\" filter_blur_hover=\"0\" last=\"no\"][fusion_text]<\/p>\n<p style=\"text-align: right;\"><a class=\"switchtab\" href=\"#tab-offerte-anfragen\"><button class=\"single_add_to_cart_button button alt\">Anfragen<\/button><\/a><\/p>\n<p>[\/fusion_text][\/fusion_builder_column][\/fusion_builder_row][\/fusion_builder_container]\n<p>&nbsp;<\/p>\n<p><strong>Der angegebene Preis bezieht sich pro St\u00fcck!<\/strong><\/p>\n","protected":false},"featured_media":6886,"comment_status":"open","ping_status":"closed","template":"","meta":{"_monsterinsights_skip_tracking":false,"_monsterinsights_sitenote_active":false,"_monsterinsights_sitenote_note":"","_monsterinsights_sitenote_category":0},"product_brand":[],"product_cat":[16,65,76,18,23],"product_tag":[],"woo-feed-brand":[],"class_list":{"0":"post-1632","1":"product","2":"type-product","3":"status-publish","4":"has-post-thumbnail","6":"product_cat-audio","7":"product_cat-hifi","8":"product_cat-av-vorstufen","9":"product_cat-multiroom","10":"product_cat-systeme","11":"pa_farbe-schwarz","12":"pa_preis-preis-pro-stueck","14":"first","15":"instock","16":"shipping-taxable","17":"purchasable","18":"product-type-simple"},"_links":{"self":[{"href":"https:\/\/erzingerag.ch\/webshop\/wp-json\/wp\/v2\/product\/1632","targetHints":{"allow":["GET"]}}],"collection":[{"href":"https:\/\/erzingerag.ch\/webshop\/wp-json\/wp\/v2\/product"}],"about":[{"href":"https:\/\/erzingerag.ch\/webshop\/wp-json\/wp\/v2\/types\/product"}],"replies":[{"embeddable":true,"href":"https:\/\/erzingerag.ch\/webshop\/wp-json\/wp\/v2\/comments?post=1632"}],"wp:featuredmedia":[{"embeddable":true,"href":"https:\/\/erzingerag.ch\/webshop\/wp-json\/wp\/v2\/media\/6886"}],"wp:attachment":[{"href":"https:\/\/erzingerag.ch\/webshop\/wp-json\/wp\/v2\/media?parent=1632"}],"wp:term":[{"taxonomy":"product_brand","embeddable":true,"href":"https:\/\/erzingerag.ch\/webshop\/wp-json\/wp\/v2\/product_brand?post=1632"},{"taxonomy":"product_cat","embeddable":true,"href":"https:\/\/erzingerag.ch\/webshop\/wp-json\/wp\/v2\/product_cat?post=1632"},{"taxonomy":"product_tag","embeddable":true,"href":"https:\/\/erzingerag.ch\/webshop\/wp-json\/wp\/v2\/product_tag?post=1632"},{"taxonomy":"woo-feed-brand","embeddable":true,"href":"https:\/\/erzingerag.ch\/webshop\/wp-json\/wp\/v2\/woo-feed-brand?post=1632"}],"curies":[{"name":"wp","href":"https:\/\/api.w.org\/{rel}","templated":true}]}}