{"id":3548,"date":"2020-08-28T08:40:39","date_gmt":"2020-08-28T06:40:39","guid":{"rendered":"http:\/\/erzingerag.ch\/webshop\/?post_type=product&#038;p=3548"},"modified":"2022-11-11T14:17:32","modified_gmt":"2022-11-11T13:17:32","slug":"epson-eb-1485fi-3lcd-laser-beamer-full-hd-5000-clo","status":"publish","type":"product","link":"https:\/\/erzingerag.ch\/webshop\/produkt\/epson-eb-1485fi-3lcd-laser-beamer-full-hd-5000-clo\/","title":{"rendered":"Epson EB-1485FI 3LCD LASER-BEAMER, FULL HD, 5000 CLO"},"content":{"rendered":"","protected":false},"excerpt":{"rendered":"<div>Die Full HD-Projektionsl\u00f6sung mit Laserlichtquelle sorgt f\u00fcr mehr<br \/>\nFlexibilit\u00e4t bei der gemeinsamen Nutzung von Inhalten und bei den<br \/>\nAnschlussm\u00f6glichkeiten.<br \/>\nVerwandeln Sie Ihren Arbeitsplatz mit einer gro\u00dfen, skalierbaren Full HD-Anzeige mit einer<br \/>\nBilddiagonale von bis zu 100 Zoll (2,54 m). F\u00f6rdern Sie die Zusammenarbeit mit Kollegen,<br \/>\nKunden oder Delegierten, das Engagement sowie die Wissensweitergabe durch die<br \/>\nneuesten und vielseitigsten Anschlussm\u00f6glichkeiten. Der Epson EB-1485Fi ist einfach zu<br \/>\nbedienen und bereichert kooperative und agile Arbeitsumgebungen.<br \/>\nFlexible Anzeigeoptionen und -gr\u00f6\u00dfen<br \/>\nMit der Epson DuoLink-Funktion, die zwei interaktive Projektoren mit integriertem EdgeBlending kombiniert, k\u00f6nnen Sie beeindruckende Meetings abhalten \u2013 die MultitouchAnzeige erm\u00f6glicht Bilddiagonalen von bis zu 100 Zoll (2,54 m im 16:9 Format mit einem<br \/>\nProjektor), 120 Zoll (3,04 m im 16:6 Format mit einem Projektor) oder 155 Zoll (3,93 m<br \/>\nmit zwei Projektoren).<br \/>\nMehr Zusammenarbeit und Anschlussm\u00f6glichkeiten<br \/>\nDie intuitive Benutzeroberfl\u00e4che, der neue Touchscreen und das neue interaktive OSDMen\u00fc erleichtern die Einrichtung und die Navigation durch die Funktionen. Dieses Modell<br \/>\nunterst\u00fctzt Multitouch-Stift, Fingertouch-Funktionen, kabellose BYODAnschlussm\u00f6glichkeiten und das Spiegeln von Bildschirminhalten (Miracast). Au\u00dferdem<br \/>\nverf\u00fcgt das Ger\u00e4t \u00fcber sichere Tools f\u00fcr die Zusammenarbeit und \u00fcber eine Vielzahl an<br \/>\nleistungsstarken Anschlussm\u00f6glichkeiten, sowohl kabellos als auch verkabelt, darunter<br \/>\nHDBaseT und HDMI-Ausgang. Die Epson iProjection-App kann kostenlos<br \/>\nheruntergeladen werden. Sie erm\u00f6glicht eine nahtlose WLAN-Verbindung und<br \/>\nZusammenarbeit \u00fcber mehrere Ger\u00e4te und Plattformen hinweg. Das Ger\u00e4t ist kompatibel<br \/>\nmit Windows, Office 365 Suite und iOS und erm\u00f6glicht die Verwendung von g\u00e4ngigen<br \/>\nAnwendungen und Software \u00fcber PCs und Tablets.<br \/>\nSplit-Screen-Funktion<br \/>\nKombinieren Sie bis zu vier Videoquellen in einer Anzeige, wie z. B.<br \/>\nVideokonferenzsysteme und Pr\u00e4sentationen, und optimieren Sie die Interaktivit\u00e4t von<br \/>\nBesprechungen.<br \/>\nWartungsarm und zuverl\u00e4ssig<br \/>\nNach der Installation k\u00f6nnen Sie das Ger\u00e4t f\u00fcr eine Betriebsdauer von bis zu 20.000<br \/>\nStunden ohne jegliche Wartung verwenden. Genie\u00dfen Sie zudem beruhigende Sicherheit<br \/>\nmit einer f\u00fcnfj\u00e4hrigen Garantie. So senken Sie die Betriebskosten und arbeiten Sie mit<br \/>\nhoher Zuverl\u00e4ssigkeit<\/div>\n<div><\/div>\n[fusion_builder_container admin_label=\"Test\" hundred_percent=\"no\" hundred_percent_height=\"no\" hundred_percent_height_scroll=\"no\" hundred_percent_height_center_content=\"yes\" equal_height_columns=\"yes\" menu_anchor=\"\" hide_on_mobile=\"small-visibility,medium-visibility,large-visibility\" status=\"published\" publish_date=\"\" class=\"\" id=\"\" link_color=\"\" link_hover_color=\"\" border_size=\"\" border_color=\"\" border_style=\"solid\" margin_top=\"\" margin_bottom=\"\" padding_top=\"\" padding_right=\"\" padding_bottom=\"\" padding_left=\"\" gradient_start_color=\"\" gradient_end_color=\"\" gradient_start_position=\"0\" gradient_end_position=\"100\" gradient_type=\"linear\" radial_direction=\"center center\" linear_angle=\"180\" background_color=\"\" background_image=\"\" background_position=\"center center\" background_repeat=\"no-repeat\" fade=\"no\" background_parallax=\"none\" enable_mobile=\"no\" parallax_speed=\"0.3\" background_blend_mode=\"none\" video_mp4=\"\" video_webm=\"\" video_ogv=\"\" video_url=\"\" video_aspect_ratio=\"16:9\" video_loop=\"yes\" video_mute=\"yes\" video_preview_image=\"\" filter_hue=\"0\" filter_saturation=\"100\" filter_brightness=\"100\" filter_contrast=\"100\" filter_invert=\"0\" filter_sepia=\"0\" filter_opacity=\"100\" filter_blur=\"0\" filter_hue_hover=\"0\" filter_saturation_hover=\"100\" filter_brightness_hover=\"100\" filter_contrast_hover=\"100\" filter_invert_hover=\"0\" filter_sepia_hover=\"0\" filter_opacity_hover=\"100\" filter_blur_hover=\"0\"][fusion_builder_row][fusion_builder_column type=\"3_4\" layout=\"3_4\" spacing=\"\" center_content=\"no\" link=\"\" target=\"_self\" min_height=\"\" hide_on_mobile=\"small-visibility,medium-visibility,large-visibility\" class=\"\" id=\"\" hover_type=\"none\" border_size=\"0\" border_color=\"\" border_style=\"solid\" border_position=\"all\" border_radius=\"\" box_shadow=\"no\" dimension_box_shadow=\"\" box_shadow_blur=\"0\" box_shadow_spread=\"0\" box_shadow_color=\"\" box_shadow_style=\"\" padding_top=\"\" padding_right=\"\" padding_bottom=\"\" padding_left=\"\" margin_top=\"\" margin_bottom=\"\" background_type=\"single\" gradient_start_color=\"\" gradient_end_color=\"\" gradient_start_position=\"0\" gradient_end_position=\"100\" gradient_type=\"linear\" radial_direction=\"center center\" linear_angle=\"180\" background_color=\"\" background_image=\"\" background_image_id=\"\" background_position=\"left top\" background_repeat=\"no-repeat\" background_blend_mode=\"none\" animation_type=\"\" animation_direction=\"left\" animation_speed=\"0.3\" animation_offset=\"\" filter_type=\"regular\" filter_hue=\"0\" filter_saturation=\"100\" filter_brightness=\"100\" filter_contrast=\"100\" filter_invert=\"0\" filter_sepia=\"0\" filter_opacity=\"100\" filter_blur=\"0\" filter_hue_hover=\"0\" filter_saturation_hover=\"100\" filter_brightness_hover=\"100\" filter_contrast_hover=\"100\" filter_invert_hover=\"0\" filter_sepia_hover=\"0\" filter_opacity_hover=\"100\" filter_blur_hover=\"0\" last=\"no\"][fusion_text columns=\"\" column_min_width=\"\" column_spacing=\"\" rule_style=\"default\" rule_size=\"\" rule_color=\"\" hide_on_mobile=\"small-visibility,medium-visibility,large-visibility\" class=\"\" id=\"\" animation_type=\"\" animation_direction=\"left\" animation_speed=\"0.3\" animation_offset=\"\"][fusion_fontawesome icon=\"fa-check fas\" size=\"\" flip=\"\" rotate=\"\" spin=\"no\" alignment=\"\" hide_on_mobile=\"small-visibility,medium-visibility,large-visibility\" class=\"\" id=\"\" margin_top=\"\" margin_right=\"\" margin_bottom=\"\" margin_left=\"\" circle=\"no\" iconcolor=\"#8bc34a\" circlecolor=\"\" circlebordercolor=\"\" animation_type=\"\" animation_direction=\"down\" animation_speed=\"0.1\" animation_offset=\"\" iconcolor_hover=\"#8bc34a\" circlecolor_hover=\"\" circlebordercolor_hover=\"\" \/]Auf wunsch k\u00f6nnen die Artikel von unserem geschulten Serviceteam geliefert, installiert und an Sie instruiert werden.[\/fusion_text][\/fusion_builder_column][fusion_builder_column type=\"1_4\" spacing=\"\" center_content=\"yes\" link=\"\" target=\"_self\" min_height=\"\" hide_on_mobile=\"small-visibility,medium-visibility,large-visibility\" class=\"\" id=\"\" background_image_id=\"\" hover_type=\"none\" border_size=\"0\" border_color=\"\" border_style=\"solid\" border_position=\"all\" border_radius_top_left=\"\" border_radius_top_right=\"\" border_radius_bottom_right=\"\" border_radius_bottom_left=\"\" box_shadow=\"no\" box_shadow_vertical=\"\" box_shadow_horizontal=\"\" box_shadow_blur=\"0\" box_shadow_spread=\"0\" box_shadow_color=\"\" box_shadow_style=\"\" padding_top=\"\" padding_right=\"\" padding_bottom=\"\" padding_left=\"\" margin_top=\"\" margin_bottom=\"\" background_type=\"single\" gradient_start_color=\"\" gradient_end_color=\"\" gradient_start_position=\"0\" gradient_end_position=\"100\" gradient_type=\"linear\" radial_direction=\"center center\" linear_angle=\"180\" background_color=\"\" background_image=\"\" background_position=\"left top\" background_repeat=\"no-repeat\" background_blend_mode=\"none\" animation_type=\"\" animation_direction=\"left\" animation_speed=\"0.3\" animation_offset=\"\" filter_type=\"regular\" filter_hue=\"0\" filter_saturation=\"100\" filter_brightness=\"100\" filter_contrast=\"100\" filter_invert=\"0\" filter_sepia=\"0\" filter_opacity=\"100\" filter_blur=\"0\" filter_hue_hover=\"0\" filter_saturation_hover=\"100\" filter_brightness_hover=\"100\" filter_contrast_hover=\"100\" filter_invert_hover=\"0\" filter_sepia_hover=\"0\" filter_opacity_hover=\"100\" filter_blur_hover=\"0\" last=\"no\"][fusion_text]<\/p>\n<p style=\"text-align: right;\"><a class=\"switchtab\" href=\"#tab-offerte-anfragen\"><button class=\"single_add_to_cart_button button alt\">Anfragen<\/button><\/a><\/p>\n<p>[\/fusion_text][\/fusion_builder_column][\/fusion_builder_row][\/fusion_builder_container]\n<p>&nbsp;<\/p>\n<p><strong>Der angegebene Preis bezieht sich auf das St\u00fcck!<\/strong><\/p>\n<p>&nbsp;<\/p>\n","protected":false},"featured_media":3549,"comment_status":"open","ping_status":"closed","template":"","meta":{"_monsterinsights_skip_tracking":false,"_monsterinsights_sitenote_active":false,"_monsterinsights_sitenote_note":"","_monsterinsights_sitenote_category":0},"product_brand":[],"product_cat":[28,20],"product_tag":[],"woo-feed-brand":[],"class_list":{"0":"post-3548","1":"product","2":"type-product","3":"status-publish","4":"has-post-thumbnail","6":"product_cat-projektoren","7":"product_cat-tv-und-heimkino","8":"pa_farbe-weiss","9":"pa_preis-preis-pro-stueck","11":"first","12":"instock","13":"shipping-taxable","14":"purchasable","15":"product-type-simple"},"_links":{"self":[{"href":"https:\/\/erzingerag.ch\/webshop\/wp-json\/wp\/v2\/product\/3548","targetHints":{"allow":["GET"]}}],"collection":[{"href":"https:\/\/erzingerag.ch\/webshop\/wp-json\/wp\/v2\/product"}],"about":[{"href":"https:\/\/erzingerag.ch\/webshop\/wp-json\/wp\/v2\/types\/product"}],"replies":[{"embeddable":true,"href":"https:\/\/erzingerag.ch\/webshop\/wp-json\/wp\/v2\/comments?post=3548"}],"wp:featuredmedia":[{"embeddable":true,"href":"https:\/\/erzingerag.ch\/webshop\/wp-json\/wp\/v2\/media\/3549"}],"wp:attachment":[{"href":"https:\/\/erzingerag.ch\/webshop\/wp-json\/wp\/v2\/media?parent=3548"}],"wp:term":[{"taxonomy":"product_brand","embeddable":true,"href":"https:\/\/erzingerag.ch\/webshop\/wp-json\/wp\/v2\/product_brand?post=3548"},{"taxonomy":"product_cat","embeddable":true,"href":"https:\/\/erzingerag.ch\/webshop\/wp-json\/wp\/v2\/product_cat?post=3548"},{"taxonomy":"product_tag","embeddable":true,"href":"https:\/\/erzingerag.ch\/webshop\/wp-json\/wp\/v2\/product_tag?post=3548"},{"taxonomy":"woo-feed-brand","embeddable":true,"href":"https:\/\/erzingerag.ch\/webshop\/wp-json\/wp\/v2\/woo-feed-brand?post=3548"}],"curies":[{"name":"wp","href":"https:\/\/api.w.org\/{rel}","templated":true}]}}