{"id":3597,"date":"2020-08-28T14:20:07","date_gmt":"2020-08-28T12:20:07","guid":{"rendered":"http:\/\/erzingerag.ch\/webshop\/?post_type=product&#038;p=3597"},"modified":"2022-11-11T14:18:11","modified_gmt":"2022-11-11T13:18:11","slug":"epson-eb-695wi-3lcd-beamer-wxga-3500-clo","status":"publish","type":"product","link":"https:\/\/erzingerag.ch\/webshop\/produkt\/epson-eb-695wi-3lcd-beamer-wxga-3500-clo\/","title":{"rendered":"Epson EB-695WI 3LCD BEAMER, WXGA, 3500 CLO"},"content":{"rendered":"","protected":false},"excerpt":{"rendered":"<div class=\"wpb_text_column wpb_content_element \">\n<div class=\"wpb_wrapper\">\n<div class=\"wpb_text_column wpb_content_element \">\n<div class=\"wpb_wrapper\">\n<div class=\"wpb_text_column wpb_content_element \">\n<div class=\"wpb_text_column wpb_content_element \"><strong>Diese innovative HD-Ready-L\u00f6sung f\u00fcr den Unterricht mit einer skalierbaren Bilddiagonale von bis zu 100 Zoll (2,54 m) optimiert das gemeinsame Lernen. <\/strong><\/div>\n<div><\/div>\n<div class=\"wpb_text_column wpb_content_element \">Der Ultrakurzdistanz-Projektor EB-695Wi projiziert gro\u00dfe Bilder aus k\u00fcrzester Distanz, ohne Schatten oder Blendeffekte \u2013 mit einer Wei\u00df- und Farbhelligkeit von 3.500 Lumen und HD-Ready-WXGA-Aufl\u00f6sung. Dieser Projektor bietet ultimative Interaktivit\u00e4t durch Fingertouch-Funktion und zwei Stifte. Ein Kontrastverh\u00e4ltnis von 14.000:1 und ein HDMIEingang sorgen f\u00fcr gestochen scharfe und klare Bilder.<\/div>\n<div><\/div>\n<div class=\"wpb_text_column wpb_content_element \"><strong>Hohe Helligkeit und Bildqualit\u00e4t <\/strong><\/div>\n<div><\/div>\n<div class=\"wpb_text_column wpb_content_element \">Die gleich hohe Wei\u00df- und Farbhelligkeit dank der 3LCD-Technologie von Epson sorgt bei den Projektoren selbst bei Tageslicht f\u00fcr lebendige, nat\u00fcrliche Farben. Au\u00dferdem sind sie bis zu dreimal heller als vergleichbare Projektoren anderer Hersteller1. Bei einer Bilddiagonale von bis zu 100 Zoll (2,54 m) lassen sich zwei Datenquellen mit der SplitScreen-Funktion gleichzeitig nebeneinander darstellen, ohne Kompromisse bei der Qualit\u00e4t einzugehen.<\/div>\n<div><\/div>\n<div class=\"wpb_text_column wpb_content_element \"><strong>Fingertouch-Funktion und zwei Stifte <\/strong><\/div>\n<div><\/div>\n<div class=\"wpb_text_column wpb_content_element \">Nehmen Sie per Gestensteuerung Anmerkungen direkt auf dem projizierten Bild vor. Die interaktiven Stifte von Epson reagieren nun noch empfindlicher und sind noch einfacher zu handhaben. Mit den beiden neuen Stiften k\u00f6nnen Lehrer und Sch\u00fcler gleichzeitig auf der Projektionsfl\u00e4che schreiben und dabei unterschiedliche Attribute verwenden.<\/div>\n<div><\/div>\n<div class=\"wpb_text_column wpb_content_element \"><strong>Hohe Zuverl\u00e4ssigkeit <\/strong><\/div>\n<div><\/div>\n<div class=\"wpb_text_column wpb_content_element \">Dank einer Lampenlebensdauer von bis zu 10.000 Stunden im Economy-Modus und einer hohen Zuverl\u00e4ssigkeit k\u00f6nnen Sie nun noch l\u00e4nger Bilder projizieren.<\/div>\n<div><\/div>\n<div class=\"wpb_text_column wpb_content_element \"><strong>Interaktion f\u00f6rdert das Lernen <\/strong><\/div>\n<div><\/div>\n<div class=\"wpb_text_column wpb_content_element \">Mit der Multi-PC Projection-Software f\u00fcr mehrere Computer k\u00f6nnen Lehrer, Dozenten, Sch\u00fcler und Studenten Inhalte gleichzeitig und gemeinsam nutzen. Mit der Moderatorfunktion k\u00f6nnen Lehrkr\u00e4fte die Darstellung der Inhalte steuern. Sie k\u00f6nnen auch zwei Projektoren kombinieren, um eine gr\u00f6\u00dfere interaktive Anzeige zu erstellen. Mit der Split-Screen-Funktion k\u00f6nnen sie zwei separate Inhaltsarten gleichzeitig nebeneinander darstellen \u2013 z. B. einen Kursplan von einem PC und ein Bild oder einen Video-Clip aus einer Dokumentenkamera.<\/div>\n<div><\/div>\n<div class=\"wpb_text_column wpb_content_element \"><strong>Optionale WLAN-Funktion <\/strong><\/div>\n<div><\/div>\n<div class=\"wpb_text_column wpb_content_element \">\u00dcbertragen Sie mit unserer iProjection-App Inhalte von verschiedenen Ger\u00e4ten und Google Chromebooks.<\/div>\n<div><\/div>\n<div class=\"wpb_text_column wpb_content_element \">[fusion_builder_container admin_label=\"Test\" hundred_percent=\"no\" hundred_percent_height=\"no\" hundred_percent_height_scroll=\"no\" hundred_percent_height_center_content=\"yes\" equal_height_columns=\"yes\" menu_anchor=\"\" hide_on_mobile=\"small-visibility,medium-visibility,large-visibility\" status=\"published\" publish_date=\"\" class=\"\" id=\"\" link_color=\"\" link_hover_color=\"\" border_size=\"\" border_color=\"\" border_style=\"solid\" margin_top=\"\" margin_bottom=\"\" padding_top=\"\" padding_right=\"\" padding_bottom=\"\" padding_left=\"\" gradient_start_color=\"\" gradient_end_color=\"\" gradient_start_position=\"0\" gradient_end_position=\"100\" gradient_type=\"linear\" radial_direction=\"center center\" linear_angle=\"180\" background_color=\"\" background_image=\"\" background_position=\"center center\" background_repeat=\"no-repeat\" fade=\"no\" background_parallax=\"none\" enable_mobile=\"no\" parallax_speed=\"0.3\" background_blend_mode=\"none\" video_mp4=\"\" video_webm=\"\" video_ogv=\"\" video_url=\"\" video_aspect_ratio=\"16:9\" video_loop=\"yes\" video_mute=\"yes\" video_preview_image=\"\" filter_hue=\"0\" filter_saturation=\"100\" filter_brightness=\"100\" filter_contrast=\"100\" filter_invert=\"0\" filter_sepia=\"0\" filter_opacity=\"100\" filter_blur=\"0\" filter_hue_hover=\"0\" filter_saturation_hover=\"100\" filter_brightness_hover=\"100\" filter_contrast_hover=\"100\" filter_invert_hover=\"0\" filter_sepia_hover=\"0\" filter_opacity_hover=\"100\" filter_blur_hover=\"0\"][fusion_builder_row][fusion_builder_column type=\"3_4\" layout=\"3_4\" spacing=\"\" center_content=\"no\" link=\"\" target=\"_self\" min_height=\"\" hide_on_mobile=\"small-visibility,medium-visibility,large-visibility\" class=\"\" id=\"\" hover_type=\"none\" border_size=\"0\" border_color=\"\" border_style=\"solid\" border_position=\"all\" border_radius=\"\" box_shadow=\"no\" dimension_box_shadow=\"\" box_shadow_blur=\"0\" box_shadow_spread=\"0\" box_shadow_color=\"\" box_shadow_style=\"\" padding_top=\"\" padding_right=\"\" padding_bottom=\"\" padding_left=\"\" margin_top=\"\" margin_bottom=\"\" background_type=\"single\" gradient_start_color=\"\" gradient_end_color=\"\" gradient_start_position=\"0\" gradient_end_position=\"100\" gradient_type=\"linear\" radial_direction=\"center center\" linear_angle=\"180\" background_color=\"\" background_image=\"\" background_image_id=\"\" background_position=\"left top\" background_repeat=\"no-repeat\" background_blend_mode=\"none\" animation_type=\"\" animation_direction=\"left\" animation_speed=\"0.3\" animation_offset=\"\" filter_type=\"regular\" filter_hue=\"0\" filter_saturation=\"100\" filter_brightness=\"100\" filter_contrast=\"100\" filter_invert=\"0\" filter_sepia=\"0\" filter_opacity=\"100\" filter_blur=\"0\" filter_hue_hover=\"0\" filter_saturation_hover=\"100\" filter_brightness_hover=\"100\" filter_contrast_hover=\"100\" filter_invert_hover=\"0\" filter_sepia_hover=\"0\" filter_opacity_hover=\"100\" filter_blur_hover=\"0\" last=\"no\"][fusion_text columns=\"\" column_min_width=\"\" column_spacing=\"\" rule_style=\"default\" rule_size=\"\" rule_color=\"\" hide_on_mobile=\"small-visibility,medium-visibility,large-visibility\" class=\"\" id=\"\" animation_type=\"\" animation_direction=\"left\" animation_speed=\"0.3\" animation_offset=\"\"][fusion_fontawesome icon=\"fa-check fas\" size=\"\" flip=\"\" rotate=\"\" spin=\"no\" alignment=\"\" hide_on_mobile=\"small-visibility,medium-visibility,large-visibility\" class=\"\" id=\"\" margin_top=\"\" margin_right=\"\" margin_bottom=\"\" margin_left=\"\" circle=\"no\" iconcolor=\"#8bc34a\" circlecolor=\"\" circlebordercolor=\"\" animation_type=\"\" animation_direction=\"down\" animation_speed=\"0.1\" animation_offset=\"\" iconcolor_hover=\"#8bc34a\" circlecolor_hover=\"\" circlebordercolor_hover=\"\" \/]Auf wunsch k\u00f6nnen die Artikel von unserem geschulten Serviceteam geliefert, installiert und an Sie instruiert werden.[\/fusion_text][\/fusion_builder_column][fusion_builder_column type=\"1_4\" spacing=\"\" center_content=\"yes\" link=\"\" target=\"_self\" min_height=\"\" hide_on_mobile=\"small-visibility,medium-visibility,large-visibility\" class=\"\" id=\"\" background_image_id=\"\" hover_type=\"none\" border_size=\"0\" border_color=\"\" border_style=\"solid\" border_position=\"all\" border_radius_top_left=\"\" border_radius_top_right=\"\" border_radius_bottom_right=\"\" border_radius_bottom_left=\"\" box_shadow=\"no\" box_shadow_vertical=\"\" box_shadow_horizontal=\"\" box_shadow_blur=\"0\" box_shadow_spread=\"0\" box_shadow_color=\"\" box_shadow_style=\"\" padding_top=\"\" padding_right=\"\" padding_bottom=\"\" padding_left=\"\" margin_top=\"\" margin_bottom=\"\" background_type=\"single\" gradient_start_color=\"\" gradient_end_color=\"\" gradient_start_position=\"0\" gradient_end_position=\"100\" gradient_type=\"linear\" radial_direction=\"center center\" linear_angle=\"180\" background_color=\"\" background_image=\"\" background_position=\"left top\" background_repeat=\"no-repeat\" background_blend_mode=\"none\" animation_type=\"\" animation_direction=\"left\" animation_speed=\"0.3\" animation_offset=\"\" filter_type=\"regular\" filter_hue=\"0\" filter_saturation=\"100\" filter_brightness=\"100\" filter_contrast=\"100\" filter_invert=\"0\" filter_sepia=\"0\" filter_opacity=\"100\" filter_blur=\"0\" filter_hue_hover=\"0\" filter_saturation_hover=\"100\" filter_brightness_hover=\"100\" filter_contrast_hover=\"100\" filter_invert_hover=\"0\" filter_sepia_hover=\"0\" filter_opacity_hover=\"100\" filter_blur_hover=\"0\" last=\"no\"][fusion_text]<\/div>\n<\/div>\n<\/div>\n<\/div>\n<\/div>\n<\/div>\n<p style=\"text-align: right;\"><a class=\"switchtab\" href=\"#tab-offerte-anfragen\"><button class=\"single_add_to_cart_button button alt\">Anfragen<\/button><\/a><\/p>\n<p>[\/fusion_text][\/fusion_builder_column][\/fusion_builder_row][\/fusion_builder_container]<\/p>\n<p>&nbsp;<\/p>\n<p><strong>Der angegebene Preis bezieht sich auf das St\u00fcck!<\/strong><\/p>\n","protected":false},"featured_media":3623,"comment_status":"open","ping_status":"closed","template":"","meta":{"_monsterinsights_skip_tracking":false,"_monsterinsights_sitenote_active":false,"_monsterinsights_sitenote_note":"","_monsterinsights_sitenote_category":0},"product_brand":[],"product_cat":[28,20],"product_tag":[],"woo-feed-brand":[],"class_list":{"0":"post-3597","1":"product","2":"type-product","3":"status-publish","4":"has-post-thumbnail","6":"product_cat-projektoren","7":"product_cat-tv-und-heimkino","8":"pa_farbe-weiss","9":"pa_preis-preis-pro-stueck","11":"first","12":"instock","13":"shipping-taxable","14":"purchasable","15":"product-type-simple"},"_links":{"self":[{"href":"https:\/\/erzingerag.ch\/webshop\/wp-json\/wp\/v2\/product\/3597","targetHints":{"allow":["GET"]}}],"collection":[{"href":"https:\/\/erzingerag.ch\/webshop\/wp-json\/wp\/v2\/product"}],"about":[{"href":"https:\/\/erzingerag.ch\/webshop\/wp-json\/wp\/v2\/types\/product"}],"replies":[{"embeddable":true,"href":"https:\/\/erzingerag.ch\/webshop\/wp-json\/wp\/v2\/comments?post=3597"}],"wp:featuredmedia":[{"embeddable":true,"href":"https:\/\/erzingerag.ch\/webshop\/wp-json\/wp\/v2\/media\/3623"}],"wp:attachment":[{"href":"https:\/\/erzingerag.ch\/webshop\/wp-json\/wp\/v2\/media?parent=3597"}],"wp:term":[{"taxonomy":"product_brand","embeddable":true,"href":"https:\/\/erzingerag.ch\/webshop\/wp-json\/wp\/v2\/product_brand?post=3597"},{"taxonomy":"product_cat","embeddable":true,"href":"https:\/\/erzingerag.ch\/webshop\/wp-json\/wp\/v2\/product_cat?post=3597"},{"taxonomy":"product_tag","embeddable":true,"href":"https:\/\/erzingerag.ch\/webshop\/wp-json\/wp\/v2\/product_tag?post=3597"},{"taxonomy":"woo-feed-brand","embeddable":true,"href":"https:\/\/erzingerag.ch\/webshop\/wp-json\/wp\/v2\/woo-feed-brand?post=3597"}],"curies":[{"name":"wp","href":"https:\/\/api.w.org\/{rel}","templated":true}]}}