{"id":4081,"date":"2020-09-29T08:26:51","date_gmt":"2020-09-29T06:26:51","guid":{"rendered":"http:\/\/erzingerag.ch\/webshop\/?post_type=product&#038;p=4081"},"modified":"2021-04-06T16:35:37","modified_gmt":"2021-04-06T14:35:37","slug":"denon-home-150-weiss","status":"publish","type":"product","link":"https:\/\/erzingerag.ch\/webshop\/produkt\/denon-home-150-weiss\/","title":{"rendered":"Denon Home 150 (Weiss)"},"content":{"rendered":"","protected":false},"excerpt":{"rendered":"<p>Wie jedes Produkt von Denon ist auch der Denon Home 150 dazu konzipiert, eine beeindruckende Audioqualit\u00e4t zu bieten. Mit fortschrittlicher akustischer Hardware, perfekt abgestimmter digitaler Signalverarbeitung und hochwertigen Treibern liefert der Denon Home 150 klare H\u00f6hen und Tiefen. Sp\u00fcren Sie die Einzigartigkeit in jedem Beat. Die Denon Home Serie unterst\u00fctzt die aktuellen Sprachassistenten. Verwenden Sie einen smarten Lautsprecher oder Ihr Handy f\u00fcr die Sprachsteuerung mit Amazon Alexa, Google Assistant und Apple Siri. Starten Sie die Musikwiedergabe, drehen Sie die Lautst\u00e4rke hoch, springen Sie zum n\u00e4chsten Titel und vieles mehr. Um Amazon Alexa zu nutzen, m\u00fcssen Sie einfach die HEOS Home Entertainment Skill in der Amazon Alexa App herunterladen (Amazon Echo-Ger\u00e4t erforderlich, separat erh\u00e4ltlich). Mit Hilfe der drei Schnellwahltasten k\u00f6nnen Sie z.B. Ihre Lieblings-Internetradiosender oder andere Quellen ganz einfach speichern, um sie jederzeit und ohne Ihr Smartphone zu genie\u00dfen. Durch zweimaliges Antippen der PAUSE\/PLAY-Taste springen Sie zum n\u00e4chsten Titel, durch dreimaliges Antippen kehren Sie zum vorherigen Titel oder zum Anfang des aktuellen Titels zur\u00fcck. Mit HEOS Built-in erh\u00e4lt jeder Raum in Ihrem Zuhause seinen eigenen Sound. Oder gruppieren Sie zus\u00e4tzliche Denon Home Lautsprecher, Soundbars, Netzwerk-Player oder AV-Receiver, um das Haus mit dem gleichen Song zu f\u00fcllen, und zwar \u00fcber Ihr Heimnetzwerk. HEOS Built-in er\u00f6ffnet Ihnen nahezu unbegrenzte Multiroom-M\u00f6glichkeiten. Mit dem eleganten Design und den edlen Materialien zieht der Denon Home 150 alle Blicke auf sich. Dennoch ist er so dezent, dass er sich perfekt in jeden Stil einf\u00fcgt und erf\u00fcllt so auch h\u00f6chste \u00e4sthetische Anspr\u00fcche. Die wasser- und schmutzabweisende Stoffbespannung sorgt f\u00fcr mehr Flexibilit\u00e4t bei der Platzierung, sodass Sie in der K\u00fcche oder im Bad den hervorragenden Denon Sound genie\u00dfen k\u00f6nnen. Schwarz oder wei\u00df? W\u00e4hlen Sie Ihren Denon Home 150. Beginnen Sie Ihr musikalisches Abenteuer ohne die geringste Ber\u00fchrung. Das neue High-End-Interface mit Ann\u00e4herungssensor wird aktiviert, noch bevor Ihre Hand die Oberfl\u00e4che ber\u00fchrt. Dies bewirkt, dass die Tasten des Denon Home 150 f\u00fcr eine problemlose Steuerung beleuchtet werden. Die beliebtesten Musikdienste sind vollst\u00e4ndig integriert: Spotify, Amazon Music HD, TIDAL, TuneIn, Deezer und mehr k\u00f6nnen \u00fcber WLAN, AirPlay 2 oder Bluetooth abgespielt werden. Spielen Sie Ihre pers\u00f6nliche Musiksammlung passend zu jeder Stimmung &#8211; auch in High-Res, inklusive 192kHz\/24-bit FLAC, WAV, ALAC und DSD 2.8\/5.6MHz Dateien.<\/p>\n<p>Ihr Fachgesch\u00e4ft f\u00fcr Geb\u00e4udeautomation \/ Home Automation und Smart Home in Baar und Zug<\/p>\n[fusion_builder_container admin_label=\"Test\" hundred_percent=\"no\" hundred_percent_height=\"no\" hundred_percent_height_scroll=\"no\" hundred_percent_height_center_content=\"yes\" equal_height_columns=\"yes\" menu_anchor=\"\" hide_on_mobile=\"small-visibility,medium-visibility,large-visibility\" status=\"published\" publish_date=\"\" class=\"\" id=\"\" link_color=\"\" link_hover_color=\"\" border_size=\"\" border_color=\"\" border_style=\"solid\" margin_top=\"\" margin_bottom=\"\" padding_top=\"\" padding_right=\"\" padding_bottom=\"\" padding_left=\"\" gradient_start_color=\"\" gradient_end_color=\"\" gradient_start_position=\"0\" gradient_end_position=\"100\" gradient_type=\"linear\" radial_direction=\"center center\" linear_angle=\"180\" background_color=\"\" background_image=\"\" background_position=\"center center\" background_repeat=\"no-repeat\" fade=\"no\" background_parallax=\"none\" enable_mobile=\"no\" parallax_speed=\"0.3\" background_blend_mode=\"none\" video_mp4=\"\" video_webm=\"\" video_ogv=\"\" video_url=\"\" video_aspect_ratio=\"16:9\" video_loop=\"yes\" video_mute=\"yes\" video_preview_image=\"\" filter_hue=\"0\" filter_saturation=\"100\" filter_brightness=\"100\" filter_contrast=\"100\" filter_invert=\"0\" filter_sepia=\"0\" filter_opacity=\"100\" filter_blur=\"0\" filter_hue_hover=\"0\" filter_saturation_hover=\"100\" filter_brightness_hover=\"100\" filter_contrast_hover=\"100\" filter_invert_hover=\"0\" filter_sepia_hover=\"0\" filter_opacity_hover=\"100\" filter_blur_hover=\"0\"][fusion_builder_row][fusion_builder_column type=\"3_4\" layout=\"3_4\" spacing=\"\" center_content=\"no\" link=\"\" target=\"_self\" min_height=\"\" hide_on_mobile=\"small-visibility,medium-visibility,large-visibility\" class=\"\" id=\"\" hover_type=\"none\" border_size=\"0\" border_color=\"\" border_style=\"solid\" border_position=\"all\" border_radius=\"\" box_shadow=\"no\" dimension_box_shadow=\"\" box_shadow_blur=\"0\" box_shadow_spread=\"0\" box_shadow_color=\"\" box_shadow_style=\"\" padding_top=\"\" padding_right=\"\" padding_bottom=\"\" padding_left=\"\" margin_top=\"\" margin_bottom=\"\" background_type=\"single\" gradient_start_color=\"\" gradient_end_color=\"\" gradient_start_position=\"0\" gradient_end_position=\"100\" gradient_type=\"linear\" radial_direction=\"center center\" linear_angle=\"180\" background_color=\"\" background_image=\"\" background_image_id=\"\" background_position=\"left top\" background_repeat=\"no-repeat\" background_blend_mode=\"none\" animation_type=\"\" animation_direction=\"left\" animation_speed=\"0.3\" animation_offset=\"\" filter_type=\"regular\" filter_hue=\"0\" filter_saturation=\"100\" filter_brightness=\"100\" filter_contrast=\"100\" filter_invert=\"0\" filter_sepia=\"0\" filter_opacity=\"100\" filter_blur=\"0\" filter_hue_hover=\"0\" filter_saturation_hover=\"100\" filter_brightness_hover=\"100\" filter_contrast_hover=\"100\" filter_invert_hover=\"0\" filter_sepia_hover=\"0\" filter_opacity_hover=\"100\" filter_blur_hover=\"0\" last=\"no\"][fusion_text columns=\"\" column_min_width=\"\" column_spacing=\"\" rule_style=\"default\" rule_size=\"\" rule_color=\"\" hide_on_mobile=\"small-visibility,medium-visibility,large-visibility\" class=\"\" id=\"\" animation_type=\"\" animation_direction=\"left\" animation_speed=\"0.3\" animation_offset=\"\"][fusion_fontawesome icon=\"fa-check fas\" size=\"\" flip=\"\" rotate=\"\" spin=\"no\" alignment=\"\" hide_on_mobile=\"small-visibility,medium-visibility,large-visibility\" class=\"\" id=\"\" margin_top=\"\" margin_right=\"\" margin_bottom=\"\" margin_left=\"\" circle=\"no\" iconcolor=\"#8bc34a\" circlecolor=\"\" circlebordercolor=\"\" animation_type=\"\" animation_direction=\"down\" animation_speed=\"0.1\" animation_offset=\"\" iconcolor_hover=\"#8bc34a\" circlecolor_hover=\"\" circlebordercolor_hover=\"\" \/]Auf wunsch k\u00f6nnen die Artikel von unserem geschulten Serviceteam geliefert, installiert und an Sie instruiert werden.[\/fusion_text][\/fusion_builder_column][fusion_builder_column type=\"1_4\" spacing=\"\" center_content=\"yes\" link=\"\" target=\"_self\" min_height=\"\" hide_on_mobile=\"small-visibility,medium-visibility,large-visibility\" class=\"\" id=\"\" background_image_id=\"\" hover_type=\"none\" border_size=\"0\" border_color=\"\" border_style=\"solid\" border_position=\"all\" border_radius_top_left=\"\" border_radius_top_right=\"\" border_radius_bottom_right=\"\" border_radius_bottom_left=\"\" box_shadow=\"no\" box_shadow_vertical=\"\" box_shadow_horizontal=\"\" box_shadow_blur=\"0\" box_shadow_spread=\"0\" box_shadow_color=\"\" box_shadow_style=\"\" padding_top=\"\" padding_right=\"\" padding_bottom=\"\" padding_left=\"\" margin_top=\"\" margin_bottom=\"\" background_type=\"single\" gradient_start_color=\"\" gradient_end_color=\"\" gradient_start_position=\"0\" gradient_end_position=\"100\" gradient_type=\"linear\" radial_direction=\"center center\" linear_angle=\"180\" background_color=\"\" background_image=\"\" background_position=\"left top\" background_repeat=\"no-repeat\" background_blend_mode=\"none\" animation_type=\"\" animation_direction=\"left\" animation_speed=\"0.3\" animation_offset=\"\" filter_type=\"regular\" filter_hue=\"0\" filter_saturation=\"100\" filter_brightness=\"100\" filter_contrast=\"100\" filter_invert=\"0\" filter_sepia=\"0\" filter_opacity=\"100\" filter_blur=\"0\" filter_hue_hover=\"0\" filter_saturation_hover=\"100\" filter_brightness_hover=\"100\" filter_contrast_hover=\"100\" filter_invert_hover=\"0\" filter_sepia_hover=\"0\" filter_opacity_hover=\"100\" filter_blur_hover=\"0\" last=\"no\"][fusion_text]<\/p>\n<p style=\"text-align: right\"><a class=\"switchtab\" href=\"#tab-offerte-anfragen\"><button class=\"single_add_to_cart_button button alt\">Anfragen<\/button><\/a><\/p>\n<p>[\/fusion_text][\/fusion_builder_column][\/fusion_builder_row][\/fusion_builder_container]\n","protected":false},"featured_media":4085,"comment_status":"open","ping_status":"closed","template":"","meta":{"_monsterinsights_skip_tracking":false,"_monsterinsights_sitenote_active":false,"_monsterinsights_sitenote_note":"","_monsterinsights_sitenote_category":0},"product_brand":[],"product_cat":[16,18,19],"product_tag":[],"woo-feed-brand":[],"class_list":{"0":"post-4081","1":"product","2":"type-product","3":"status-publish","4":"has-post-thumbnail","6":"product_cat-audio","7":"product_cat-multiroom","8":"product_cat-lautsprecher-multiroom","9":"pa_farbe-weiss","11":"first","12":"instock","13":"shipping-taxable","14":"purchasable","15":"product-type-simple"},"_links":{"self":[{"href":"https:\/\/erzingerag.ch\/webshop\/wp-json\/wp\/v2\/product\/4081","targetHints":{"allow":["GET"]}}],"collection":[{"href":"https:\/\/erzingerag.ch\/webshop\/wp-json\/wp\/v2\/product"}],"about":[{"href":"https:\/\/erzingerag.ch\/webshop\/wp-json\/wp\/v2\/types\/product"}],"replies":[{"embeddable":true,"href":"https:\/\/erzingerag.ch\/webshop\/wp-json\/wp\/v2\/comments?post=4081"}],"wp:featuredmedia":[{"embeddable":true,"href":"https:\/\/erzingerag.ch\/webshop\/wp-json\/wp\/v2\/media\/4085"}],"wp:attachment":[{"href":"https:\/\/erzingerag.ch\/webshop\/wp-json\/wp\/v2\/media?parent=4081"}],"wp:term":[{"taxonomy":"product_brand","embeddable":true,"href":"https:\/\/erzingerag.ch\/webshop\/wp-json\/wp\/v2\/product_brand?post=4081"},{"taxonomy":"product_cat","embeddable":true,"href":"https:\/\/erzingerag.ch\/webshop\/wp-json\/wp\/v2\/product_cat?post=4081"},{"taxonomy":"product_tag","embeddable":true,"href":"https:\/\/erzingerag.ch\/webshop\/wp-json\/wp\/v2\/product_tag?post=4081"},{"taxonomy":"woo-feed-brand","embeddable":true,"href":"https:\/\/erzingerag.ch\/webshop\/wp-json\/wp\/v2\/woo-feed-brand?post=4081"}],"curies":[{"name":"wp","href":"https:\/\/api.w.org\/{rel}","templated":true}]}}