{"id":535,"date":"2020-05-15T16:34:07","date_gmt":"2020-05-15T14:34:07","guid":{"rendered":"http:\/\/erzingerag.ch\/webshop\/?post_type=product&#038;p=535"},"modified":"2022-11-04T10:27:10","modified_gmt":"2022-11-04T09:27:10","slug":"ap-1-2-schwarz-eloxiert","status":"publish","type":"product","link":"https:\/\/erzingerag.ch\/webshop\/produkt\/ap-1-2-schwarz-eloxiert\/","title":{"rendered":"Piega AP 1.2 (schwarz eloxiert)"},"content":{"rendered":"","protected":false},"excerpt":{"rendered":"<h3 class=\"css-1obfbck0 css-1jc2mta\" style=\"text-align: center;\">AP 1.2<\/h3>\n<p class=\"css-1b1mkc7 css-uc6kn00\">Zu den Vorteilen des Werkstoffs Aluminium z\u00e4hlt, dass sich aus diesem \u00fcberaus stabilen Geh\u00e4usematerial auch Lautsprecher in kleinen Gr\u00f6ssen herstellen lassen. Ein gutes Beispiel f\u00fcr diese Produktkategorie ist der Universallautsprecher AP 1.2. Seine im wahrsten Sinn des Wortes schr\u00e4ge Form macht ihn nicht nur zum idealen Sidekick jedes Flachbildfernsehers. Sie hat auch den Vorteil, dass innerhalb des Geh\u00e4uses keine st\u00f6renden stehenden Wellen entstehen k\u00f6nnen.<\/p>\n[fusion_builder_container admin_label=\"Test\" hundred_percent=\"no\" hundred_percent_height=\"no\" hundred_percent_height_scroll=\"no\" hundred_percent_height_center_content=\"yes\" equal_height_columns=\"yes\" menu_anchor=\"\" hide_on_mobile=\"small-visibility,medium-visibility,large-visibility\" status=\"published\" publish_date=\"\" class=\"\" id=\"\" link_color=\"\" link_hover_color=\"\" border_size=\"\" border_color=\"\" border_style=\"solid\" margin_top=\"\" margin_bottom=\"\" padding_top=\"\" padding_right=\"\" padding_bottom=\"\" padding_left=\"\" gradient_start_color=\"\" gradient_end_color=\"\" gradient_start_position=\"0\" gradient_end_position=\"100\" gradient_type=\"linear\" radial_direction=\"center center\" linear_angle=\"180\" background_color=\"\" background_image=\"\" background_position=\"center center\" background_repeat=\"no-repeat\" fade=\"no\" background_parallax=\"none\" enable_mobile=\"no\" parallax_speed=\"0.3\" background_blend_mode=\"none\" video_mp4=\"\" video_webm=\"\" video_ogv=\"\" video_url=\"\" video_aspect_ratio=\"16:9\" video_loop=\"yes\" video_mute=\"yes\" video_preview_image=\"\" filter_hue=\"0\" filter_saturation=\"100\" filter_brightness=\"100\" filter_contrast=\"100\" filter_invert=\"0\" filter_sepia=\"0\" filter_opacity=\"100\" filter_blur=\"0\" filter_hue_hover=\"0\" filter_saturation_hover=\"100\" filter_brightness_hover=\"100\" filter_contrast_hover=\"100\" filter_invert_hover=\"0\" filter_sepia_hover=\"0\" filter_opacity_hover=\"100\" filter_blur_hover=\"0\"][fusion_builder_row][fusion_builder_column type=\"3_4\" layout=\"3_4\" spacing=\"\" center_content=\"no\" link=\"\" target=\"_self\" min_height=\"\" hide_on_mobile=\"small-visibility,medium-visibility,large-visibility\" class=\"\" id=\"\" hover_type=\"none\" border_size=\"0\" border_color=\"\" border_style=\"solid\" border_position=\"all\" border_radius=\"\" box_shadow=\"no\" dimension_box_shadow=\"\" box_shadow_blur=\"0\" box_shadow_spread=\"0\" box_shadow_color=\"\" box_shadow_style=\"\" padding_top=\"\" padding_right=\"\" padding_bottom=\"\" padding_left=\"\" margin_top=\"\" margin_bottom=\"\" background_type=\"single\" gradient_start_color=\"\" gradient_end_color=\"\" gradient_start_position=\"0\" gradient_end_position=\"100\" gradient_type=\"linear\" radial_direction=\"center center\" linear_angle=\"180\" background_color=\"\" background_image=\"\" background_image_id=\"\" background_position=\"left top\" background_repeat=\"no-repeat\" background_blend_mode=\"none\" animation_type=\"\" animation_direction=\"left\" animation_speed=\"0.3\" animation_offset=\"\" filter_type=\"regular\" filter_hue=\"0\" filter_saturation=\"100\" filter_brightness=\"100\" filter_contrast=\"100\" filter_invert=\"0\" filter_sepia=\"0\" filter_opacity=\"100\" filter_blur=\"0\" filter_hue_hover=\"0\" filter_saturation_hover=\"100\" filter_brightness_hover=\"100\" filter_contrast_hover=\"100\" filter_invert_hover=\"0\" filter_sepia_hover=\"0\" filter_opacity_hover=\"100\" filter_blur_hover=\"0\" last=\"no\"][fusion_text columns=\"\" column_min_width=\"\" column_spacing=\"\" rule_style=\"default\" rule_size=\"\" rule_color=\"\" hide_on_mobile=\"small-visibility,medium-visibility,large-visibility\" class=\"\" id=\"\" animation_type=\"\" animation_direction=\"left\" animation_speed=\"0.3\" animation_offset=\"\"][fusion_fontawesome icon=\"fa-check fas\" size=\"\" flip=\"\" rotate=\"\" spin=\"no\" alignment=\"\" hide_on_mobile=\"small-visibility,medium-visibility,large-visibility\" class=\"\" id=\"\" margin_top=\"\" margin_right=\"\" margin_bottom=\"\" margin_left=\"\" circle=\"no\" iconcolor=\"#8bc34a\" circlecolor=\"\" circlebordercolor=\"\" animation_type=\"\" animation_direction=\"down\" animation_speed=\"0.1\" animation_offset=\"\" iconcolor_hover=\"#8bc34a\" circlecolor_hover=\"\" circlebordercolor_hover=\"\" \/]Auf wunsch k\u00f6nnen die Artikel von unserem geschulten Serviceteam geliefert, installiert und an Sie instruiert werden.[\/fusion_text][\/fusion_builder_column][fusion_builder_column type=\"1_4\" spacing=\"\" center_content=\"yes\" link=\"\" target=\"_self\" min_height=\"\" hide_on_mobile=\"small-visibility,medium-visibility,large-visibility\" class=\"\" id=\"\" background_image_id=\"\" hover_type=\"none\" border_size=\"0\" border_color=\"\" border_style=\"solid\" border_position=\"all\" border_radius_top_left=\"\" border_radius_top_right=\"\" border_radius_bottom_right=\"\" border_radius_bottom_left=\"\" box_shadow=\"no\" box_shadow_vertical=\"\" box_shadow_horizontal=\"\" box_shadow_blur=\"0\" box_shadow_spread=\"0\" box_shadow_color=\"\" box_shadow_style=\"\" padding_top=\"\" padding_right=\"\" padding_bottom=\"\" padding_left=\"\" margin_top=\"\" margin_bottom=\"\" background_type=\"single\" gradient_start_color=\"\" gradient_end_color=\"\" gradient_start_position=\"0\" gradient_end_position=\"100\" gradient_type=\"linear\" radial_direction=\"center center\" linear_angle=\"180\" background_color=\"\" background_image=\"\" background_position=\"left top\" background_repeat=\"no-repeat\" background_blend_mode=\"none\" animation_type=\"\" animation_direction=\"left\" animation_speed=\"0.3\" animation_offset=\"\" filter_type=\"regular\" filter_hue=\"0\" filter_saturation=\"100\" filter_brightness=\"100\" filter_contrast=\"100\" filter_invert=\"0\" filter_sepia=\"0\" filter_opacity=\"100\" filter_blur=\"0\" filter_hue_hover=\"0\" filter_saturation_hover=\"100\" filter_brightness_hover=\"100\" filter_contrast_hover=\"100\" filter_invert_hover=\"0\" filter_sepia_hover=\"0\" filter_opacity_hover=\"100\" filter_blur_hover=\"0\" last=\"no\"][fusion_text]<\/p>\n<p style=\"text-align: right;\"><a class=\"switchtab\" href=\"#tab-offerte-anfragen\"><button class=\"single_add_to_cart_button button alt\">Anfragen<\/button><\/a><\/p>\n<p>[\/fusion_text][\/fusion_builder_column][\/fusion_builder_row][\/fusion_builder_container]\n<p>&nbsp;<\/p>\n<p><b>Der angegebene Preis bezieht sich auf das St\u00fcck!<\/b><\/p>\n","protected":false},"featured_media":531,"comment_status":"open","ping_status":"closed","template":"","meta":{"_monsterinsights_skip_tracking":false,"_monsterinsights_sitenote_active":false,"_monsterinsights_sitenote_note":"","_monsterinsights_sitenote_category":0},"product_brand":[],"product_cat":[17,55],"product_tag":[],"woo-feed-brand":[],"class_list":{"0":"post-535","1":"product","2":"type-product","3":"status-publish","4":"has-post-thumbnail","6":"product_cat-lautsprecher","7":"product_cat-regallautsprecher","8":"pa_farbe-schwarz-eloxiert","9":"pa_preis-preis-pro-stueck","11":"first","12":"instock","13":"shipping-taxable","14":"purchasable","15":"product-type-simple"},"_links":{"self":[{"href":"https:\/\/erzingerag.ch\/webshop\/wp-json\/wp\/v2\/product\/535","targetHints":{"allow":["GET"]}}],"collection":[{"href":"https:\/\/erzingerag.ch\/webshop\/wp-json\/wp\/v2\/product"}],"about":[{"href":"https:\/\/erzingerag.ch\/webshop\/wp-json\/wp\/v2\/types\/product"}],"replies":[{"embeddable":true,"href":"https:\/\/erzingerag.ch\/webshop\/wp-json\/wp\/v2\/comments?post=535"}],"wp:featuredmedia":[{"embeddable":true,"href":"https:\/\/erzingerag.ch\/webshop\/wp-json\/wp\/v2\/media\/531"}],"wp:attachment":[{"href":"https:\/\/erzingerag.ch\/webshop\/wp-json\/wp\/v2\/media?parent=535"}],"wp:term":[{"taxonomy":"product_brand","embeddable":true,"href":"https:\/\/erzingerag.ch\/webshop\/wp-json\/wp\/v2\/product_brand?post=535"},{"taxonomy":"product_cat","embeddable":true,"href":"https:\/\/erzingerag.ch\/webshop\/wp-json\/wp\/v2\/product_cat?post=535"},{"taxonomy":"product_tag","embeddable":true,"href":"https:\/\/erzingerag.ch\/webshop\/wp-json\/wp\/v2\/product_tag?post=535"},{"taxonomy":"woo-feed-brand","embeddable":true,"href":"https:\/\/erzingerag.ch\/webshop\/wp-json\/wp\/v2\/woo-feed-brand?post=535"}],"curies":[{"name":"wp","href":"https:\/\/api.w.org\/{rel}","templated":true}]}}