{"id":6547,"date":"2022-09-27T10:54:59","date_gmt":"2022-09-27T08:54:59","guid":{"rendered":"https:\/\/erzingerag.ch\/webshop\/?post_type=product&#038;p=6547"},"modified":"2022-10-27T09:49:33","modified_gmt":"2022-10-27T07:49:33","slug":"ta-cala-cdr-streaming-cd-receiver-schwarz-premium-piega-301-wireless-lautsprecher","status":"publish","type":"product","link":"https:\/\/erzingerag.ch\/webshop\/produkt\/ta-cala-cdr-streaming-cd-receiver-schwarz-premium-piega-301-wireless-lautsprecher\/","title":{"rendered":"T+A CALA CDR Streaming CD Receiver (Schwarz) &#038; Premium PIEGA 301 Wireless-Lautsprecher"},"content":{"rendered":"","protected":false},"excerpt":{"rendered":"<p>Die CALA CDR ist das gr\u00f6\u00dfere Modell der CALA Receiver. Sie ist konzeptionell und von der Ausstattung her wie die CALA SR aufgebaut, verf\u00fcgt aber zus\u00e4tzlich \u00fcber ein hochwertiges CD Laufwerk, doppelt so starke Endstufen und ein Hochleistungsnetzteil. Mehr als 100 Watt Dauerleistung stehen pro Kanal zur Verf\u00fcgung und erlauben auch den Betrieb gro\u00dfer Lautsprecher. Zudem kommen 2 Premium Wireless-Lautsprecher der 301 Serie zum Einsatz. Diese f\u00fchlen sich auf einem Sideboard oder deinem Arbeitszimmer am wohlsten. Spiele deine Musik direkt von deinem Smartphone oder Tablet ab oder integriere den Lautsprecher in ein Multiroom-System und erfahre eine Musikwiedergabe in exzellenter Klangqualit\u00e4t. Das zum System geh\u00f6rende PIEGA connect Modul stellt dabei die Funkverbindung zwischen Verst\u00e4rker und Lautsprecher her und bindet die Lautsprecher f\u00fcr einen Multiroom-Einsatz ins WLAN ein.<\/p>\n[fusion_builder_container admin_label=\"Test\" hundred_percent=\"no\" hundred_percent_height=\"no\" hundred_percent_height_scroll=\"no\" hundred_percent_height_center_content=\"yes\" equal_height_columns=\"yes\" menu_anchor=\"\" hide_on_mobile=\"small-visibility,medium-visibility,large-visibility\" status=\"published\" publish_date=\"\" class=\"\" id=\"\" link_color=\"\" link_hover_color=\"\" border_size=\"\" border_color=\"\" border_style=\"solid\" margin_top=\"\" margin_bottom=\"\" padding_top=\"\" padding_right=\"\" padding_bottom=\"\" padding_left=\"\" gradient_start_color=\"\" gradient_end_color=\"\" gradient_start_position=\"0\" gradient_end_position=\"100\" gradient_type=\"linear\" radial_direction=\"center center\" linear_angle=\"180\" background_color=\"\" background_image=\"\" background_position=\"center center\" background_repeat=\"no-repeat\" fade=\"no\" background_parallax=\"none\" enable_mobile=\"no\" parallax_speed=\"0.3\" background_blend_mode=\"none\" video_mp4=\"\" video_webm=\"\" video_ogv=\"\" video_url=\"\" video_aspect_ratio=\"16:9\" video_loop=\"yes\" video_mute=\"yes\" video_preview_image=\"\" filter_hue=\"0\" filter_saturation=\"100\" filter_brightness=\"100\" filter_contrast=\"100\" filter_invert=\"0\" filter_sepia=\"0\" filter_opacity=\"100\" filter_blur=\"0\" filter_hue_hover=\"0\" filter_saturation_hover=\"100\" filter_brightness_hover=\"100\" filter_contrast_hover=\"100\" filter_invert_hover=\"0\" filter_sepia_hover=\"0\" filter_opacity_hover=\"100\" filter_blur_hover=\"0\"][fusion_builder_row][fusion_builder_column type=\"3_4\" layout=\"3_4\" spacing=\"\" center_content=\"no\" link=\"\" target=\"_self\" min_height=\"\" hide_on_mobile=\"small-visibility,medium-visibility,large-visibility\" class=\"\" id=\"\" hover_type=\"none\" border_size=\"0\" border_color=\"\" border_style=\"solid\" border_position=\"all\" border_radius=\"\" box_shadow=\"no\" dimension_box_shadow=\"\" box_shadow_blur=\"0\" box_shadow_spread=\"0\" box_shadow_color=\"\" box_shadow_style=\"\" padding_top=\"\" padding_right=\"\" padding_bottom=\"\" padding_left=\"\" margin_top=\"\" margin_bottom=\"\" background_type=\"single\" gradient_start_color=\"\" gradient_end_color=\"\" gradient_start_position=\"0\" gradient_end_position=\"100\" gradient_type=\"linear\" radial_direction=\"center center\" linear_angle=\"180\" background_color=\"\" background_image=\"\" background_image_id=\"\" background_position=\"left top\" background_repeat=\"no-repeat\" background_blend_mode=\"none\" animation_type=\"\" animation_direction=\"left\" animation_speed=\"0.3\" animation_offset=\"\" filter_type=\"regular\" filter_hue=\"0\" filter_saturation=\"100\" filter_brightness=\"100\" filter_contrast=\"100\" filter_invert=\"0\" filter_sepia=\"0\" filter_opacity=\"100\" filter_blur=\"0\" filter_hue_hover=\"0\" filter_saturation_hover=\"100\" filter_brightness_hover=\"100\" filter_contrast_hover=\"100\" filter_invert_hover=\"0\" filter_sepia_hover=\"0\" filter_opacity_hover=\"100\" filter_blur_hover=\"0\" last=\"no\"][fusion_text columns=\"\" column_min_width=\"\" column_spacing=\"\" rule_style=\"default\" rule_size=\"\" rule_color=\"\" hide_on_mobile=\"small-visibility,medium-visibility,large-visibility\" class=\"\" id=\"\" animation_type=\"\" animation_direction=\"left\" animation_speed=\"0.3\" animation_offset=\"\"][fusion_fontawesome icon=\"fa-check fas\" size=\"\" flip=\"\" rotate=\"\" spin=\"no\" alignment=\"\" hide_on_mobile=\"small-visibility,medium-visibility,large-visibility\" class=\"\" id=\"\" margin_top=\"\" margin_right=\"\" margin_bottom=\"\" margin_left=\"\" circle=\"no\" iconcolor=\"#8bc34a\" circlecolor=\"\" circlebordercolor=\"\" animation_type=\"\" animation_direction=\"down\" animation_speed=\"0.1\" animation_offset=\"\" iconcolor_hover=\"#8bc34a\" circlecolor_hover=\"\" circlebordercolor_hover=\"\" \/]Auf wunsch k\u00f6nnen die Artikel von unserem geschulten Serviceteam geliefert, installiert und an Sie instruiert werden.[\/fusion_text][\/fusion_builder_column][fusion_builder_column type=\"1_4\" spacing=\"\" center_content=\"yes\" link=\"\" target=\"_self\" min_height=\"\" hide_on_mobile=\"small-visibility,medium-visibility,large-visibility\" class=\"\" id=\"\" background_image_id=\"\" hover_type=\"none\" border_size=\"0\" border_color=\"\" border_style=\"solid\" border_position=\"all\" border_radius_top_left=\"\" border_radius_top_right=\"\" border_radius_bottom_right=\"\" border_radius_bottom_left=\"\" box_shadow=\"no\" box_shadow_vertical=\"\" box_shadow_horizontal=\"\" box_shadow_blur=\"0\" box_shadow_spread=\"0\" box_shadow_color=\"\" box_shadow_style=\"\" padding_top=\"\" padding_right=\"\" padding_bottom=\"\" padding_left=\"\" margin_top=\"\" margin_bottom=\"\" background_type=\"single\" gradient_start_color=\"\" gradient_end_color=\"\" gradient_start_position=\"0\" gradient_end_position=\"100\" gradient_type=\"linear\" radial_direction=\"center center\" linear_angle=\"180\" background_color=\"\" background_image=\"\" background_position=\"left top\" background_repeat=\"no-repeat\" background_blend_mode=\"none\" animation_type=\"\" animation_direction=\"left\" animation_speed=\"0.3\" animation_offset=\"\" filter_type=\"regular\" filter_hue=\"0\" filter_saturation=\"100\" filter_brightness=\"100\" filter_contrast=\"100\" filter_invert=\"0\" filter_sepia=\"0\" filter_opacity=\"100\" filter_blur=\"0\" filter_hue_hover=\"0\" filter_saturation_hover=\"100\" filter_brightness_hover=\"100\" filter_contrast_hover=\"100\" filter_invert_hover=\"0\" filter_sepia_hover=\"0\" filter_opacity_hover=\"100\" filter_blur_hover=\"0\" last=\"no\"][fusion_text]<\/p>\n<p style=\"text-align: right;\"><a class=\"switchtab\" href=\"#tab-offerte-anfragen\"><button class=\"single_add_to_cart_button button alt\">Anfragen<\/button><\/a><\/p>\n<p>[\/fusion_text][\/fusion_builder_column][\/fusion_builder_row][\/fusion_builder_container]\n<p>&nbsp;<\/p>\n<p><strong>Der angegebene Preis bezieht sich auf 1 Cala CD Receiver + 2 Premium PIEGA 301 Lautsprecher\u00a0<\/strong><\/p>\n","protected":false},"featured_media":6697,"comment_status":"open","ping_status":"closed","template":"","meta":{"_monsterinsights_skip_tracking":false,"_monsterinsights_sitenote_active":false,"_monsterinsights_sitenote_note":"","_monsterinsights_sitenote_category":0},"product_brand":[],"product_cat":[16,1010,69,65,17,70,54,71,66],"product_tag":[],"woo-feed-brand":[],"class_list":{"0":"post-6547","1":"product","2":"type-product","3":"status-publish","4":"has-post-thumbnail","6":"product_cat-audio","7":"product_cat-bundle","8":"product_cat-cd-player-sacd-player","9":"product_cat-hifi","10":"product_cat-lautsprecher","11":"product_cat-netzwerkplayer","12":"product_cat-standlautsprecher","13":"product_cat-stereoreceiver","14":"product_cat-vollverstaerker","15":"pa_farbe-schwarz","16":"pa_preis-preis-pro-stueck","18":"first","19":"instock","20":"shipping-taxable","21":"purchasable","22":"product-type-simple"},"_links":{"self":[{"href":"https:\/\/erzingerag.ch\/webshop\/wp-json\/wp\/v2\/product\/6547","targetHints":{"allow":["GET"]}}],"collection":[{"href":"https:\/\/erzingerag.ch\/webshop\/wp-json\/wp\/v2\/product"}],"about":[{"href":"https:\/\/erzingerag.ch\/webshop\/wp-json\/wp\/v2\/types\/product"}],"replies":[{"embeddable":true,"href":"https:\/\/erzingerag.ch\/webshop\/wp-json\/wp\/v2\/comments?post=6547"}],"wp:featuredmedia":[{"embeddable":true,"href":"https:\/\/erzingerag.ch\/webshop\/wp-json\/wp\/v2\/media\/6697"}],"wp:attachment":[{"href":"https:\/\/erzingerag.ch\/webshop\/wp-json\/wp\/v2\/media?parent=6547"}],"wp:term":[{"taxonomy":"product_brand","embeddable":true,"href":"https:\/\/erzingerag.ch\/webshop\/wp-json\/wp\/v2\/product_brand?post=6547"},{"taxonomy":"product_cat","embeddable":true,"href":"https:\/\/erzingerag.ch\/webshop\/wp-json\/wp\/v2\/product_cat?post=6547"},{"taxonomy":"product_tag","embeddable":true,"href":"https:\/\/erzingerag.ch\/webshop\/wp-json\/wp\/v2\/product_tag?post=6547"},{"taxonomy":"woo-feed-brand","embeddable":true,"href":"https:\/\/erzingerag.ch\/webshop\/wp-json\/wp\/v2\/woo-feed-brand?post=6547"}],"curies":[{"name":"wp","href":"https:\/\/api.w.org\/{rel}","templated":true}]}}