{"id":7709,"date":"2022-12-07T12:58:16","date_gmt":"2022-12-07T11:58:16","guid":{"rendered":"https:\/\/erzingerag.ch\/webshop\/?post_type=product&#038;p=7709"},"modified":"2022-12-07T13:21:49","modified_gmt":"2022-12-07T12:21:49","slug":"denon-pma-600ne-schwarz","status":"publish","type":"product","link":"https:\/\/erzingerag.ch\/webshop\/produkt\/denon-pma-600ne-schwarz\/","title":{"rendered":"Denon PMA-600NE (schwarz)"},"content":{"rendered":"","protected":false},"excerpt":{"rendered":"<div class=\"col-xs-12\">\n<div class=\"content\">\n<h3><strong>Denon<\/strong> PMA-600NE\u00a0<strong>&#8211; <\/strong><b>Vollverst\u00e4rker mit Bluetooth &amp; DAC!<\/b><\/h3>\n<p>Der Denon Vollverst\u00e4rker PMA-600NE verf\u00fcgt \u00fcber Bluetooth Streaming, digitale Eing\u00e4nge sowie einen integrierten Phono-Vorverst\u00e4rker. Erleben Sie hervorragende Audio-Leistung und Konnektivit\u00e4t f\u00fcr anspruchsvolle Musik-Liebhaber.<\/p>\n<p>Geschaffen f\u00fcr den anspruchsvollen Musik-Liebhaber, ist der Denon PMA-600NE die perfekte Wahl f\u00fcr diejenigen, die Ihr erstes 2 Kanal-HiFi-System aufbauen m\u00f6chten. Der PMA-600NE erm\u00f6glicht die lebendigste und emotionalste Wiedergabe von Vinyl und Hi-Res Audio \u00fcber die digitalen Eing\u00e4nge und den integrierten Phono-Vorverst\u00e4rker. H\u00f6ren Sie Ihre Lieblings-Musik \u00fcber Bluetooth, um nahezu unbegrenzte Musiktitel zu streamen. Vom tiefen Bass bis zu detailreichen H\u00f6hen h\u00f6ren Sie Ihre Hi-Res-Audioinhalte mit dem hochwertigen 192 kHz\/24 Bit DA-Wandler. Mit 70 Watt (bei 4 Ohm) pro Kanal liefert der PMA-600NE gen\u00fcgend Leistung, um das Beste aus Ihren Lautsprechern herauszuholen. Andere HiFi-Komponenten k\u00f6nnen Sie an die zwei optischen und einen koaxialen Eingang des PMA-600NE anschliessen. Angetrieben von einem Denon Advanced High Current-Leistungsverst\u00e4rker (AHC) mit Hochstrom-Leistungstransistoren in Gegentaktschaltung, liefert der PMA-600NE eine herausragende Soundqualit\u00e4t, die hohe Leistung mit feiner musikalischer Detailzeichnung vereint.<\/p>\n<h3><b>Eigenschaften<\/b><\/h3>\n<p>&nbsp;<\/p>\n<ul>\n<li>2x 70 Watt (4 Ohm, 1kHz, 0,7% Klirr) Ausgangsleistung: Maximale Leistung f\u00fcr den Antrieb Ihrer bevorzugten Lautsprecher<\/li>\n<li>Advanced High Current (AHC) Endstufe in Gegentaktschaltung: Geeignet f\u00fcr eine hohe Bandbreite &#8211; vom tiefen Bass bis zu den detailreichen H\u00f6hen<\/li>\n<li>Bluetooth Unterst\u00fctzung: \u00dcber die integrierte Antenne k\u00f6nnen Sie Ihr Smartphone problemlos mit dem PMA-600NE verbinden und via Bluetooth Musik streamen<\/li>\n<li>Zwei optische Digitaleing\u00e4nge f\u00fcr Ihren TV oder Ihr digitales Ger\u00e4t: Der PMA-600NE liefert einen verbesserten TV-Sound<\/li>\n<li>Integrierter 192 kHz\/24 Bit DA-Wandler: Erleben Sie Hi-Res-Audiowiedergabe und genie\u00dfen Sie Ihre Lieblings-Musik in h\u00f6chster Qualit\u00e4t<\/li>\n<li>Tadellose Tontechnik dank sorgf\u00e4ltig ausgew\u00e4hlter und kompromisslos getesteter HiFi-Komponenten: Genie\u00dfen Sie den herausragenden Sound, der s\u00e4mtliche Verst\u00e4rker von Denon auszeichnet<\/li>\n<li>Analogmodus f\u00fcr eine reine Audiowiedergabe: Hiermit werden die Digitaleing\u00e4nge und Bluetooth abgeschaltet, um Einfl\u00fcsse durch digitale St\u00f6rungen zu vermeiden<\/li>\n<li>Hochwertiger Phono MM-Vorverst\u00e4rker: Schlie\u00dfen Sie Ihren Plattenspieler an und geniessen Sie Ihre Schallplattensammlung in bester Qualit\u00e4t<\/li>\n<li>Tieferer Bass: Satter und gleichm\u00e4\u00dfig verteilter Bass, dank des Subwoofer-Ausgangs<\/li>\n<li>Vibrationsd\u00e4mpfende Bauweise mit stabiler mechanischer Grundkonstruktion: H\u00f6ren Sie Musik mit unverf\u00e4lschten Details und in einer Qualit\u00e4t, die nicht von der Umgebung beeinflusst wird<\/li>\n<li>Verst\u00e4rkerdesign mit kurzen Signalwegen: Genie\u00dfen Sie reinen Sound mit der Source Direct-Funktion und den k\u00fcrzesten Signalwegen<\/li>\n<li>Haupttransformator mit getrennten Wicklungen f\u00fcr die Audio- und Steuerschaltungen: So werden Interferenzen eliminiert, was die Klangqualit\u00e4t optimiert<\/li>\n<li>Mikroprozessor mit Stopp-Modus: Sch\u00fctzt das Audiosignal vor externem Rauschen w\u00e4hrend der Wiedergabe<\/li>\n<li>Signal Level Divided Construction (SLDC): Die Trennung der Signale nach Pegel erm\u00f6glicht eine optimale Wiedergabe ohne Interferenzen und leitet auch feinste musikalische Signale an die Lautsprecher und erfasst jede Nuance der Musik<\/li>\n<li>Konstruiert mit der mehr als 100-j\u00e4hrigen Audio-Kompetenz von Denon: Hochwertiges und langlebiges System f\u00fcr das ultimative Audio-Erlebnis<\/li>\n<\/ul>\n<\/div>\n<\/div>\n[fusion_builder_container admin_label=\"Test\" hundred_percent=\"no\" hundred_percent_height=\"no\" hundred_percent_height_scroll=\"no\" hundred_percent_height_center_content=\"yes\" equal_height_columns=\"yes\" menu_anchor=\"\" hide_on_mobile=\"small-visibility,medium-visibility,large-visibility\" status=\"published\" publish_date=\"\" class=\"\" id=\"\" link_color=\"\" link_hover_color=\"\" border_size=\"\" border_color=\"\" border_style=\"solid\" margin_top=\"\" margin_bottom=\"\" padding_top=\"\" padding_right=\"\" padding_bottom=\"\" padding_left=\"\" gradient_start_color=\"\" gradient_end_color=\"\" gradient_start_position=\"0\" gradient_end_position=\"100\" gradient_type=\"linear\" radial_direction=\"center center\" linear_angle=\"180\" background_color=\"\" background_image=\"\" background_position=\"center center\" background_repeat=\"no-repeat\" fade=\"no\" background_parallax=\"none\" enable_mobile=\"no\" parallax_speed=\"0.3\" background_blend_mode=\"none\" video_mp4=\"\" video_webm=\"\" video_ogv=\"\" video_url=\"\" video_aspect_ratio=\"16:9\" video_loop=\"yes\" video_mute=\"yes\" video_preview_image=\"\" filter_hue=\"0\" filter_saturation=\"100\" filter_brightness=\"100\" filter_contrast=\"100\" filter_invert=\"0\" filter_sepia=\"0\" filter_opacity=\"100\" filter_blur=\"0\" filter_hue_hover=\"0\" filter_saturation_hover=\"100\" filter_brightness_hover=\"100\" filter_contrast_hover=\"100\" filter_invert_hover=\"0\" filter_sepia_hover=\"0\" filter_opacity_hover=\"100\" filter_blur_hover=\"0\"][fusion_builder_row][fusion_builder_column type=\"3_4\" layout=\"3_4\" spacing=\"\" center_content=\"no\" link=\"\" target=\"_self\" min_height=\"\" hide_on_mobile=\"small-visibility,medium-visibility,large-visibility\" class=\"\" id=\"\" hover_type=\"none\" border_size=\"0\" border_color=\"\" border_style=\"solid\" border_position=\"all\" border_radius=\"\" box_shadow=\"no\" dimension_box_shadow=\"\" box_shadow_blur=\"0\" box_shadow_spread=\"0\" box_shadow_color=\"\" box_shadow_style=\"\" padding_top=\"\" padding_right=\"\" padding_bottom=\"\" padding_left=\"\" margin_top=\"\" margin_bottom=\"\" background_type=\"single\" gradient_start_color=\"\" gradient_end_color=\"\" gradient_start_position=\"0\" gradient_end_position=\"100\" gradient_type=\"linear\" radial_direction=\"center center\" linear_angle=\"180\" background_color=\"\" background_image=\"\" background_image_id=\"\" background_position=\"left top\" background_repeat=\"no-repeat\" background_blend_mode=\"none\" animation_type=\"\" animation_direction=\"left\" animation_speed=\"0.3\" animation_offset=\"\" filter_type=\"regular\" filter_hue=\"0\" filter_saturation=\"100\" filter_brightness=\"100\" filter_contrast=\"100\" filter_invert=\"0\" filter_sepia=\"0\" filter_opacity=\"100\" filter_blur=\"0\" filter_hue_hover=\"0\" filter_saturation_hover=\"100\" filter_brightness_hover=\"100\" filter_contrast_hover=\"100\" filter_invert_hover=\"0\" filter_sepia_hover=\"0\" filter_opacity_hover=\"100\" filter_blur_hover=\"0\" last=\"no\"][fusion_text columns=\"\" column_min_width=\"\" column_spacing=\"\" rule_style=\"default\" rule_size=\"\" rule_color=\"\" hide_on_mobile=\"small-visibility,medium-visibility,large-visibility\" class=\"\" id=\"\" animation_type=\"\" animation_direction=\"left\" animation_speed=\"0.3\" animation_offset=\"\"][fusion_fontawesome icon=\"fa-check fas\" size=\"\" flip=\"\" rotate=\"\" spin=\"no\" alignment=\"\" hide_on_mobile=\"small-visibility,medium-visibility,large-visibility\" class=\"\" id=\"\" margin_top=\"\" margin_right=\"\" margin_bottom=\"\" margin_left=\"\" circle=\"no\" iconcolor=\"#8bc34a\" circlecolor=\"\" circlebordercolor=\"\" animation_type=\"\" animation_direction=\"down\" animation_speed=\"0.1\" animation_offset=\"\" iconcolor_hover=\"#8bc34a\" circlecolor_hover=\"\" circlebordercolor_hover=\"\" \/]Auf wunsch k\u00f6nnen die Artikel von unserem geschulten Serviceteam geliefert, installiert und an Sie instruiert werden.[\/fusion_text][\/fusion_builder_column][fusion_builder_column type=\"1_4\" spacing=\"\" center_content=\"yes\" link=\"\" target=\"_self\" min_height=\"\" hide_on_mobile=\"small-visibility,medium-visibility,large-visibility\" class=\"\" id=\"\" background_image_id=\"\" hover_type=\"none\" border_size=\"0\" border_color=\"\" border_style=\"solid\" border_position=\"all\" border_radius_top_left=\"\" border_radius_top_right=\"\" border_radius_bottom_right=\"\" border_radius_bottom_left=\"\" box_shadow=\"no\" box_shadow_vertical=\"\" box_shadow_horizontal=\"\" box_shadow_blur=\"0\" box_shadow_spread=\"0\" box_shadow_color=\"\" box_shadow_style=\"\" padding_top=\"\" padding_right=\"\" padding_bottom=\"\" padding_left=\"\" margin_top=\"\" margin_bottom=\"\" background_type=\"single\" gradient_start_color=\"\" gradient_end_color=\"\" gradient_start_position=\"0\" gradient_end_position=\"100\" gradient_type=\"linear\" radial_direction=\"center center\" linear_angle=\"180\" background_color=\"\" background_image=\"\" background_position=\"left top\" background_repeat=\"no-repeat\" background_blend_mode=\"none\" animation_type=\"\" animation_direction=\"left\" animation_speed=\"0.3\" animation_offset=\"\" filter_type=\"regular\" filter_hue=\"0\" filter_saturation=\"100\" filter_brightness=\"100\" filter_contrast=\"100\" filter_invert=\"0\" filter_sepia=\"0\" filter_opacity=\"100\" filter_blur=\"0\" filter_hue_hover=\"0\" filter_saturation_hover=\"100\" filter_brightness_hover=\"100\" filter_contrast_hover=\"100\" filter_invert_hover=\"0\" filter_sepia_hover=\"0\" filter_opacity_hover=\"100\" filter_blur_hover=\"0\" last=\"no\"][fusion_text]<\/p>\n<p style=\"text-align: right;\"><a class=\"switchtab\" href=\"#tab-offerte-anfragen\"><button class=\"single_add_to_cart_button button alt\">Anfragen<\/button><\/a><\/p>\n<p>[\/fusion_text][\/fusion_builder_column][\/fusion_builder_row][\/fusion_builder_container]\n<p><strong>Der angegebene Preis bezieht sich auf das St\u00fcck!<\/strong><\/p>\n","protected":false},"featured_media":7711,"comment_status":"open","ping_status":"closed","template":"","meta":{"_monsterinsights_skip_tracking":false,"_monsterinsights_sitenote_active":false,"_monsterinsights_sitenote_note":"","_monsterinsights_sitenote_category":0},"product_brand":[],"product_cat":[65,66],"product_tag":[],"woo-feed-brand":[],"class_list":{"0":"post-7709","1":"product","2":"type-product","3":"status-publish","4":"has-post-thumbnail","6":"product_cat-hifi","7":"product_cat-vollverstaerker","8":"pa_farbe-schwarz","9":"pa_preis-preis-pro-stueck","11":"first","12":"instock","13":"shipping-taxable","14":"purchasable","15":"product-type-simple"},"_links":{"self":[{"href":"https:\/\/erzingerag.ch\/webshop\/wp-json\/wp\/v2\/product\/7709","targetHints":{"allow":["GET"]}}],"collection":[{"href":"https:\/\/erzingerag.ch\/webshop\/wp-json\/wp\/v2\/product"}],"about":[{"href":"https:\/\/erzingerag.ch\/webshop\/wp-json\/wp\/v2\/types\/product"}],"replies":[{"embeddable":true,"href":"https:\/\/erzingerag.ch\/webshop\/wp-json\/wp\/v2\/comments?post=7709"}],"wp:featuredmedia":[{"embeddable":true,"href":"https:\/\/erzingerag.ch\/webshop\/wp-json\/wp\/v2\/media\/7711"}],"wp:attachment":[{"href":"https:\/\/erzingerag.ch\/webshop\/wp-json\/wp\/v2\/media?parent=7709"}],"wp:term":[{"taxonomy":"product_brand","embeddable":true,"href":"https:\/\/erzingerag.ch\/webshop\/wp-json\/wp\/v2\/product_brand?post=7709"},{"taxonomy":"product_cat","embeddable":true,"href":"https:\/\/erzingerag.ch\/webshop\/wp-json\/wp\/v2\/product_cat?post=7709"},{"taxonomy":"product_tag","embeddable":true,"href":"https:\/\/erzingerag.ch\/webshop\/wp-json\/wp\/v2\/product_tag?post=7709"},{"taxonomy":"woo-feed-brand","embeddable":true,"href":"https:\/\/erzingerag.ch\/webshop\/wp-json\/wp\/v2\/woo-feed-brand?post=7709"}],"curies":[{"name":"wp","href":"https:\/\/api.w.org\/{rel}","templated":true}]}}