{"id":7739,"date":"2022-12-08T09:07:34","date_gmt":"2022-12-08T08:07:34","guid":{"rendered":"https:\/\/erzingerag.ch\/webshop\/?post_type=product&#038;p=7739"},"modified":"2022-12-08T09:30:21","modified_gmt":"2022-12-08T08:30:21","slug":"denon-dcd-600ne-schwarz","status":"publish","type":"product","link":"https:\/\/erzingerag.ch\/webshop\/produkt\/denon-dcd-600ne-schwarz\/","title":{"rendered":"Denon DCD-600NE (schwarz)"},"content":{"rendered":"","protected":false},"excerpt":{"rendered":"<div class=\"col-xs-12\">\n<div class=\"content\">\n<div class=\"product-highlights--block block\">\n<div class=\"product-highlights left\">\n<div class=\"product-highlights--block block\">\n<div class=\"product-highlights right\">\n<h3><strong>Denon DCD-600NE &#8211; Der fortschrittliche CD-Spieler<\/strong><\/h3>\n<p>Geschaffen f\u00fcr den anspruchsvollen Musik-Liebhaber. Genie\u00dfen Sie Ihre Lieblings-CDs mit dem Denon CD-Player DCD-600NE. AL32 Processing und das innovative Schaltkreisdesign stellen sicher, dass Aufnahmen mit hoher Genauigkeit und sehr nahe am Original reproduziert werden. Der DCD-600NE ist mehr als nur ein CD-Player und liefert Audiosignale hoher Qualit\u00e4t an den Verst\u00e4rker. Die vibrationsarme Geh\u00e4usekonstruktion reduziert unerw\u00fcnschte Auswirkungen auf den Klang, die durch schwere Komponenten innerhalb des Geh\u00e4uses entstehen k\u00f6nnen, sodass die Soundqualit\u00e4t den Denon Standards entspricht. Gest\u00fctzt auf die 100-j\u00e4hrige Erfahrung von Denon in der Herstellung von Audiokomponenten liefert auch dieser Player einen beeindruckenden Sound, der Ihre Erwartungen \u00fcbertrifft.<\/p>\n<p><strong>Eigenschaften<\/strong><\/p>\n<ul>\n<li>AL32 Processing und 192 kHz\/32 Bit Ultrapr\u00e4zisions-DA-Wandler: Pr\u00e4zise Wiedergabe getreu der Originalaufnahme<\/li>\n<li>Erweiterte M\u00f6glichkeiten zum Abspielen Ihrer Audiosammlung: Spielt Musik von CD und CD-R\/RW (MP3, WMA) ab<\/li>\n<li>Tadellose Tontechnik dank sorgf\u00e4ltig ausgew\u00e4hlter und kompromisslos getesteter HiFi-Komponenten: Genie\u00dfen Sie den herausragenden Sound, der s\u00e4mtliche HiFi-Produkte von Denon auszeichnet<\/li>\n<li>Vibrationsd\u00e4mpfende Bauweise mit stabiler mechanischer Grundkonstruktion: H\u00f6ren Sie Musik mit unverf\u00e4lschten Details und in einer Qualit\u00e4t, die nicht von der Umgebung beeinflusst wird<\/li>\n<li>Schaltkreise mit verk\u00fcrzten Signalwegen: Garantiert die originalgetreue Wiedergabe des urspr\u00fcnglichen Klangs<\/li>\n<li>Wohl durchdachte Audio-Konstruktion und digitale Schaltung: Die Platinen sind geschichtet angeordnet, um die Beeinflussung der Sound-Qualit\u00e4t durch Stecker und Kabel zu minimieren<\/li>\n<li>Pure Direct-Modus: F\u00fcr saubere Audioausgabe und akkuraten, detailreichen Klang<\/li>\n<li>Verf\u00fcgbar in Premium-Silber und Schwarz: Ein elegantes Design, das sich optisch an Ihre Einrichtung und weitere Audiosysteme anpasst<\/li>\n<li>Konstruiert mit der mehr als 100-j\u00e4hrigen Audio-Kompetenz von Denon: Hochwertiges und langlebiges System f\u00fcr das ultimative Audio-Erlebnis<\/li>\n<\/ul>\n<\/div>\n<\/div>\n<\/div>\n<\/div>\n<div class=\"product--description block\"><\/div>\n<\/div>\n<\/div>\n[fusion_builder_container admin_label=\"Test\" hundred_percent=\"no\" hundred_percent_height=\"no\" hundred_percent_height_scroll=\"no\" hundred_percent_height_center_content=\"yes\" equal_height_columns=\"yes\" menu_anchor=\"\" hide_on_mobile=\"small-visibility,medium-visibility,large-visibility\" status=\"published\" publish_date=\"\" class=\"\" id=\"\" link_color=\"\" link_hover_color=\"\" border_size=\"\" border_color=\"\" border_style=\"solid\" margin_top=\"\" margin_bottom=\"\" padding_top=\"\" padding_right=\"\" padding_bottom=\"\" padding_left=\"\" gradient_start_color=\"\" gradient_end_color=\"\" gradient_start_position=\"0\" gradient_end_position=\"100\" gradient_type=\"linear\" radial_direction=\"center center\" linear_angle=\"180\" background_color=\"\" background_image=\"\" background_position=\"center center\" background_repeat=\"no-repeat\" fade=\"no\" background_parallax=\"none\" enable_mobile=\"no\" parallax_speed=\"0.3\" background_blend_mode=\"none\" video_mp4=\"\" video_webm=\"\" video_ogv=\"\" video_url=\"\" video_aspect_ratio=\"16:9\" video_loop=\"yes\" video_mute=\"yes\" video_preview_image=\"\" filter_hue=\"0\" filter_saturation=\"100\" filter_brightness=\"100\" filter_contrast=\"100\" filter_invert=\"0\" filter_sepia=\"0\" filter_opacity=\"100\" filter_blur=\"0\" filter_hue_hover=\"0\" filter_saturation_hover=\"100\" filter_brightness_hover=\"100\" filter_contrast_hover=\"100\" filter_invert_hover=\"0\" filter_sepia_hover=\"0\" filter_opacity_hover=\"100\" filter_blur_hover=\"0\"][fusion_builder_row][fusion_builder_column type=\"3_4\" layout=\"3_4\" spacing=\"\" center_content=\"no\" link=\"\" target=\"_self\" min_height=\"\" hide_on_mobile=\"small-visibility,medium-visibility,large-visibility\" class=\"\" id=\"\" hover_type=\"none\" border_size=\"0\" border_color=\"\" border_style=\"solid\" border_position=\"all\" border_radius=\"\" box_shadow=\"no\" dimension_box_shadow=\"\" box_shadow_blur=\"0\" box_shadow_spread=\"0\" box_shadow_color=\"\" box_shadow_style=\"\" padding_top=\"\" padding_right=\"\" padding_bottom=\"\" padding_left=\"\" margin_top=\"\" margin_bottom=\"\" background_type=\"single\" gradient_start_color=\"\" gradient_end_color=\"\" gradient_start_position=\"0\" gradient_end_position=\"100\" gradient_type=\"linear\" radial_direction=\"center center\" linear_angle=\"180\" background_color=\"\" background_image=\"\" background_image_id=\"\" background_position=\"left top\" background_repeat=\"no-repeat\" background_blend_mode=\"none\" animation_type=\"\" animation_direction=\"left\" animation_speed=\"0.3\" animation_offset=\"\" filter_type=\"regular\" filter_hue=\"0\" filter_saturation=\"100\" filter_brightness=\"100\" filter_contrast=\"100\" filter_invert=\"0\" filter_sepia=\"0\" filter_opacity=\"100\" filter_blur=\"0\" filter_hue_hover=\"0\" filter_saturation_hover=\"100\" filter_brightness_hover=\"100\" filter_contrast_hover=\"100\" filter_invert_hover=\"0\" filter_sepia_hover=\"0\" filter_opacity_hover=\"100\" filter_blur_hover=\"0\" last=\"no\"][fusion_text columns=\"\" column_min_width=\"\" column_spacing=\"\" rule_style=\"default\" rule_size=\"\" rule_color=\"\" hide_on_mobile=\"small-visibility,medium-visibility,large-visibility\" class=\"\" id=\"\" animation_type=\"\" animation_direction=\"left\" animation_speed=\"0.3\" animation_offset=\"\"][fusion_fontawesome icon=\"fa-check fas\" size=\"\" flip=\"\" rotate=\"\" spin=\"no\" alignment=\"\" hide_on_mobile=\"small-visibility,medium-visibility,large-visibility\" class=\"\" id=\"\" margin_top=\"\" margin_right=\"\" margin_bottom=\"\" margin_left=\"\" circle=\"no\" iconcolor=\"#8bc34a\" circlecolor=\"\" circlebordercolor=\"\" animation_type=\"\" animation_direction=\"down\" animation_speed=\"0.1\" animation_offset=\"\" iconcolor_hover=\"#8bc34a\" circlecolor_hover=\"\" circlebordercolor_hover=\"\" \/]Auf wunsch k\u00f6nnen die Artikel von unserem geschulten Serviceteam geliefert, installiert und an Sie instruiert werden.[\/fusion_text][\/fusion_builder_column][fusion_builder_column type=\"1_4\" spacing=\"\" center_content=\"yes\" link=\"\" target=\"_self\" min_height=\"\" hide_on_mobile=\"small-visibility,medium-visibility,large-visibility\" class=\"\" id=\"\" background_image_id=\"\" hover_type=\"none\" border_size=\"0\" border_color=\"\" border_style=\"solid\" border_position=\"all\" border_radius_top_left=\"\" border_radius_top_right=\"\" border_radius_bottom_right=\"\" border_radius_bottom_left=\"\" box_shadow=\"no\" box_shadow_vertical=\"\" box_shadow_horizontal=\"\" box_shadow_blur=\"0\" box_shadow_spread=\"0\" box_shadow_color=\"\" box_shadow_style=\"\" padding_top=\"\" padding_right=\"\" padding_bottom=\"\" padding_left=\"\" margin_top=\"\" margin_bottom=\"\" background_type=\"single\" gradient_start_color=\"\" gradient_end_color=\"\" gradient_start_position=\"0\" gradient_end_position=\"100\" gradient_type=\"linear\" radial_direction=\"center center\" linear_angle=\"180\" background_color=\"\" background_image=\"\" background_position=\"left top\" background_repeat=\"no-repeat\" background_blend_mode=\"none\" animation_type=\"\" animation_direction=\"left\" animation_speed=\"0.3\" animation_offset=\"\" filter_type=\"regular\" filter_hue=\"0\" filter_saturation=\"100\" filter_brightness=\"100\" filter_contrast=\"100\" filter_invert=\"0\" filter_sepia=\"0\" filter_opacity=\"100\" filter_blur=\"0\" filter_hue_hover=\"0\" filter_saturation_hover=\"100\" filter_brightness_hover=\"100\" filter_contrast_hover=\"100\" filter_invert_hover=\"0\" filter_sepia_hover=\"0\" filter_opacity_hover=\"100\" filter_blur_hover=\"0\" last=\"no\"][fusion_text]<\/p>\n<p style=\"text-align: right;\"><a class=\"switchtab\" href=\"#tab-offerte-anfragen\"><button class=\"single_add_to_cart_button button alt\">Anfragen<\/button><\/a><\/p>\n<p>[\/fusion_text][\/fusion_builder_column][\/fusion_builder_row][\/fusion_builder_container]\n<p><strong>Der angegebene Preis bezieht sich auf das St\u00fcck!<\/strong><\/p>\n","protected":false},"featured_media":7741,"comment_status":"open","ping_status":"closed","template":"","meta":{"_monsterinsights_skip_tracking":false,"_monsterinsights_sitenote_active":false,"_monsterinsights_sitenote_note":"","_monsterinsights_sitenote_category":0},"product_brand":[],"product_cat":[65,69],"product_tag":[],"woo-feed-brand":[],"class_list":{"0":"post-7739","1":"product","2":"type-product","3":"status-publish","4":"has-post-thumbnail","6":"product_cat-hifi","7":"product_cat-cd-player-sacd-player","8":"pa_farbe-schwarz","9":"pa_preis-preis-pro-stueck","11":"first","12":"instock","13":"shipping-taxable","14":"purchasable","15":"product-type-simple"},"_links":{"self":[{"href":"https:\/\/erzingerag.ch\/webshop\/wp-json\/wp\/v2\/product\/7739","targetHints":{"allow":["GET"]}}],"collection":[{"href":"https:\/\/erzingerag.ch\/webshop\/wp-json\/wp\/v2\/product"}],"about":[{"href":"https:\/\/erzingerag.ch\/webshop\/wp-json\/wp\/v2\/types\/product"}],"replies":[{"embeddable":true,"href":"https:\/\/erzingerag.ch\/webshop\/wp-json\/wp\/v2\/comments?post=7739"}],"wp:featuredmedia":[{"embeddable":true,"href":"https:\/\/erzingerag.ch\/webshop\/wp-json\/wp\/v2\/media\/7741"}],"wp:attachment":[{"href":"https:\/\/erzingerag.ch\/webshop\/wp-json\/wp\/v2\/media?parent=7739"}],"wp:term":[{"taxonomy":"product_brand","embeddable":true,"href":"https:\/\/erzingerag.ch\/webshop\/wp-json\/wp\/v2\/product_brand?post=7739"},{"taxonomy":"product_cat","embeddable":true,"href":"https:\/\/erzingerag.ch\/webshop\/wp-json\/wp\/v2\/product_cat?post=7739"},{"taxonomy":"product_tag","embeddable":true,"href":"https:\/\/erzingerag.ch\/webshop\/wp-json\/wp\/v2\/product_tag?post=7739"},{"taxonomy":"woo-feed-brand","embeddable":true,"href":"https:\/\/erzingerag.ch\/webshop\/wp-json\/wp\/v2\/woo-feed-brand?post=7739"}],"curies":[{"name":"wp","href":"https:\/\/api.w.org\/{rel}","templated":true}]}}