{"id":7816,"date":"2022-12-13T14:21:29","date_gmt":"2022-12-13T13:21:29","guid":{"rendered":"https:\/\/erzingerag.ch\/webshop\/?post_type=product&#038;p=7816"},"modified":"2022-12-13T14:34:23","modified_gmt":"2022-12-13T13:34:23","slug":"denon-dht-s316-soundbar-schwarz","status":"publish","type":"product","link":"https:\/\/erzingerag.ch\/webshop\/produkt\/denon-dht-s316-soundbar-schwarz\/","title":{"rendered":"Denon DHT-S316 Soundbar (schwarz)"},"content":{"rendered":"","protected":false},"excerpt":{"rendered":"<h3>Denon DHT-S316 <b><\/b><strong>Soundbar &#8211; <\/strong>Heimkino-Soundbarsystem mit kabellosem Subwoofer, HDMI ARC, Bluetooth-Unterst\u00fctzung sowie Dolby-Digital- und DTS-Dekodierung<\/h3>\n<p class=\"h4\"><strong>PRODUKT-HIGHLIGHTS<\/strong><\/p>\n<div class=\"marketing-texts-tab mb-15\">\n<ul>\n<li>Kraftvoller, dynamischer Denon Heimkino-Sound,<\/li>\n<li>Herausragender, klarer Sound. Dazu ist nur eine einzige Verbindung zum TV-Ger\u00e4t erforderlich<\/li>\n<li>Mit einer H\u00f6he von lediglich 5,5 cm fi ndet die Soundbar fast \u00fcberall Platz und kann auch vor Ihrem TV-Ger\u00e4t stehen, ohne dessen Sensor f\u00fcr die IR-Fernbedienung zu verdecken<\/li>\n<li>\u00dcber verbundene Smartger\u00e4te kann auch auf das breite Spektrum von Online-Musikquellen zugegriffen werden<\/li>\n<li>Weiterentwickelten psychoakustischen Algorithmen, die eine realistische Simulation eines Multikanal-Heimkino-Surroundsystems liefern<\/li>\n<li>Verbessert die Sprachverst\u00e4ndlichkeit \u2013 ideal f\u00fcr Filme und TV-Shows mit komplexen Tonspuren<\/li>\n<li>Verbinden Sie \u00e4ltere TV-Ger\u00e4te, die kein HDMI Audio Return Channel unterst\u00fctzen<\/li>\n<li>Einfache und direkte Verbindung mit TV-Ger\u00e4ten,<\/li>\n<li>Anschluss analoger Ger\u00e4te, die \u00fcber das Soundbar-System wiedergegeben werden sollen<\/li>\n<\/ul>\n<\/div>\n<div class=\"mb-15 desc\">\n[fusion_builder_container admin_label=\"Test\" hundred_percent=\"no\" hundred_percent_height=\"no\" hundred_percent_height_scroll=\"no\" hundred_percent_height_center_content=\"yes\" equal_height_columns=\"yes\" menu_anchor=\"\" hide_on_mobile=\"small-visibility,medium-visibility,large-visibility\" status=\"published\" publish_date=\"\" class=\"\" id=\"\" link_color=\"\" link_hover_color=\"\" border_size=\"\" border_color=\"\" border_style=\"solid\" margin_top=\"\" margin_bottom=\"\" padding_top=\"\" padding_right=\"\" padding_bottom=\"\" padding_left=\"\" gradient_start_color=\"\" gradient_end_color=\"\" gradient_start_position=\"0\" gradient_end_position=\"100\" gradient_type=\"linear\" radial_direction=\"center center\" linear_angle=\"180\" background_color=\"\" background_image=\"\" background_position=\"center center\" background_repeat=\"no-repeat\" fade=\"no\" background_parallax=\"none\" enable_mobile=\"no\" parallax_speed=\"0.3\" background_blend_mode=\"none\" video_mp4=\"\" video_webm=\"\" video_ogv=\"\" video_url=\"\" video_aspect_ratio=\"16:9\" video_loop=\"yes\" video_mute=\"yes\" video_preview_image=\"\" filter_hue=\"0\" filter_saturation=\"100\" filter_brightness=\"100\" filter_contrast=\"100\" filter_invert=\"0\" filter_sepia=\"0\" filter_opacity=\"100\" filter_blur=\"0\" filter_hue_hover=\"0\" filter_saturation_hover=\"100\" filter_brightness_hover=\"100\" filter_contrast_hover=\"100\" filter_invert_hover=\"0\" filter_sepia_hover=\"0\" filter_opacity_hover=\"100\" filter_blur_hover=\"0\"][fusion_builder_row][fusion_builder_column type=\"3_4\" layout=\"3_4\" spacing=\"\" center_content=\"no\" link=\"\" target=\"_self\" min_height=\"\" hide_on_mobile=\"small-visibility,medium-visibility,large-visibility\" class=\"\" id=\"\" hover_type=\"none\" border_size=\"0\" border_color=\"\" border_style=\"solid\" border_position=\"all\" border_radius=\"\" box_shadow=\"no\" dimension_box_shadow=\"\" box_shadow_blur=\"0\" box_shadow_spread=\"0\" box_shadow_color=\"\" box_shadow_style=\"\" padding_top=\"\" padding_right=\"\" padding_bottom=\"\" padding_left=\"\" margin_top=\"\" margin_bottom=\"\" background_type=\"single\" gradient_start_color=\"\" gradient_end_color=\"\" gradient_start_position=\"0\" gradient_end_position=\"100\" gradient_type=\"linear\" radial_direction=\"center center\" linear_angle=\"180\" background_color=\"\" background_image=\"\" background_image_id=\"\" background_position=\"left top\" background_repeat=\"no-repeat\" background_blend_mode=\"none\" animation_type=\"\" animation_direction=\"left\" animation_speed=\"0.3\" animation_offset=\"\" filter_type=\"regular\" filter_hue=\"0\" filter_saturation=\"100\" filter_brightness=\"100\" filter_contrast=\"100\" filter_invert=\"0\" filter_sepia=\"0\" filter_opacity=\"100\" filter_blur=\"0\" filter_hue_hover=\"0\" filter_saturation_hover=\"100\" filter_brightness_hover=\"100\" filter_contrast_hover=\"100\" filter_invert_hover=\"0\" filter_sepia_hover=\"0\" filter_opacity_hover=\"100\" filter_blur_hover=\"0\" last=\"no\"][fusion_text columns=\"\" column_min_width=\"\" column_spacing=\"\" rule_style=\"default\" rule_size=\"\" rule_color=\"\" hide_on_mobile=\"small-visibility,medium-visibility,large-visibility\" class=\"\" id=\"\" animation_type=\"\" animation_direction=\"left\" animation_speed=\"0.3\" animation_offset=\"\"][fusion_fontawesome icon=\"fa-check fas\" size=\"\" flip=\"\" rotate=\"\" spin=\"no\" alignment=\"\" hide_on_mobile=\"small-visibility,medium-visibility,large-visibility\" class=\"\" id=\"\" margin_top=\"\" margin_right=\"\" margin_bottom=\"\" margin_left=\"\" circle=\"no\" iconcolor=\"#8bc34a\" circlecolor=\"\" circlebordercolor=\"\" animation_type=\"\" animation_direction=\"down\" animation_speed=\"0.1\" animation_offset=\"\" iconcolor_hover=\"#8bc34a\" circlecolor_hover=\"\" circlebordercolor_hover=\"\" \/]Auf wunsch k\u00f6nnen die Artikel von unserem geschulten Serviceteam geliefert, installiert und an Sie instruiert werden.[\/fusion_text][\/fusion_builder_column][fusion_builder_column type=\"1_4\" spacing=\"\" center_content=\"yes\" link=\"\" target=\"_self\" min_height=\"\" hide_on_mobile=\"small-visibility,medium-visibility,large-visibility\" class=\"\" id=\"\" background_image_id=\"\" hover_type=\"none\" border_size=\"0\" border_color=\"\" border_style=\"solid\" border_position=\"all\" border_radius_top_left=\"\" border_radius_top_right=\"\" border_radius_bottom_right=\"\" border_radius_bottom_left=\"\" box_shadow=\"no\" box_shadow_vertical=\"\" box_shadow_horizontal=\"\" box_shadow_blur=\"0\" box_shadow_spread=\"0\" box_shadow_color=\"\" box_shadow_style=\"\" padding_top=\"\" padding_right=\"\" padding_bottom=\"\" padding_left=\"\" margin_top=\"\" margin_bottom=\"\" background_type=\"single\" gradient_start_color=\"\" gradient_end_color=\"\" gradient_start_position=\"0\" gradient_end_position=\"100\" gradient_type=\"linear\" radial_direction=\"center center\" linear_angle=\"180\" background_color=\"\" background_image=\"\" background_position=\"left top\" background_repeat=\"no-repeat\" background_blend_mode=\"none\" animation_type=\"\" animation_direction=\"left\" animation_speed=\"0.3\" animation_offset=\"\" filter_type=\"regular\" filter_hue=\"0\" filter_saturation=\"100\" filter_brightness=\"100\" filter_contrast=\"100\" filter_invert=\"0\" filter_sepia=\"0\" filter_opacity=\"100\" filter_blur=\"0\" filter_hue_hover=\"0\" filter_saturation_hover=\"100\" filter_brightness_hover=\"100\" filter_contrast_hover=\"100\" filter_invert_hover=\"0\" filter_sepia_hover=\"0\" filter_opacity_hover=\"100\" filter_blur_hover=\"0\" last=\"no\"][fusion_text]<\/p>\n<\/div>\n<p style=\"text-align: right;\"><a class=\"switchtab\" href=\"#tab-offerte-anfragen\"><button class=\"single_add_to_cart_button button alt\">Anfragen<\/button><\/a><\/p>\n<p>[\/fusion_text][\/fusion_builder_column][\/fusion_builder_row][\/fusion_builder_container]\n<p><strong>Der angegebene Preis bezieht sich auf das St\u00fcck!<\/strong><\/p>\n","protected":false},"featured_media":7818,"comment_status":"open","ping_status":"closed","template":"","meta":{"_monsterinsights_skip_tracking":false,"_monsterinsights_sitenote_active":false,"_monsterinsights_sitenote_note":"","_monsterinsights_sitenote_category":0},"product_brand":[],"product_cat":[16,20,79,18,19],"product_tag":[],"woo-feed-brand":[],"class_list":{"0":"post-7816","1":"product","2":"type-product","3":"status-publish","4":"has-post-thumbnail","6":"product_cat-audio","7":"product_cat-tv-und-heimkino","8":"product_cat-soundbars","9":"product_cat-multiroom","10":"product_cat-lautsprecher-multiroom","11":"pa_farbe-schwarz","12":"pa_preis-preis-pro-stueck","14":"first","15":"instock","16":"shipping-taxable","17":"purchasable","18":"product-type-simple"},"_links":{"self":[{"href":"https:\/\/erzingerag.ch\/webshop\/wp-json\/wp\/v2\/product\/7816","targetHints":{"allow":["GET"]}}],"collection":[{"href":"https:\/\/erzingerag.ch\/webshop\/wp-json\/wp\/v2\/product"}],"about":[{"href":"https:\/\/erzingerag.ch\/webshop\/wp-json\/wp\/v2\/types\/product"}],"replies":[{"embeddable":true,"href":"https:\/\/erzingerag.ch\/webshop\/wp-json\/wp\/v2\/comments?post=7816"}],"wp:featuredmedia":[{"embeddable":true,"href":"https:\/\/erzingerag.ch\/webshop\/wp-json\/wp\/v2\/media\/7818"}],"wp:attachment":[{"href":"https:\/\/erzingerag.ch\/webshop\/wp-json\/wp\/v2\/media?parent=7816"}],"wp:term":[{"taxonomy":"product_brand","embeddable":true,"href":"https:\/\/erzingerag.ch\/webshop\/wp-json\/wp\/v2\/product_brand?post=7816"},{"taxonomy":"product_cat","embeddable":true,"href":"https:\/\/erzingerag.ch\/webshop\/wp-json\/wp\/v2\/product_cat?post=7816"},{"taxonomy":"product_tag","embeddable":true,"href":"https:\/\/erzingerag.ch\/webshop\/wp-json\/wp\/v2\/product_tag?post=7816"},{"taxonomy":"woo-feed-brand","embeddable":true,"href":"https:\/\/erzingerag.ch\/webshop\/wp-json\/wp\/v2\/woo-feed-brand?post=7816"}],"curies":[{"name":"wp","href":"https:\/\/api.w.org\/{rel}","templated":true}]}}