{"id":901,"date":"2020-05-18T16:41:16","date_gmt":"2020-05-18T14:41:16","guid":{"rendered":"http:\/\/erzingerag.ch\/webshop\/?post_type=product&#038;p=901"},"modified":"2022-03-17T17:12:31","modified_gmt":"2022-03-17T16:12:31","slug":"trivum-flex-sc340","status":"publish","type":"product","link":"https:\/\/erzingerag.ch\/webshop\/produkt\/trivum-flex-sc340\/","title":{"rendered":"Trivum Flex SC311m 1 Zone Multiroom"},"content":{"rendered":"","protected":false},"excerpt":{"rendered":"<table border=\"0\">\n<tbody>\n<tr>\n<td><span data-mce-mark=\"1\"><strong>Das flexible Multiroom SoundSystem\u00a0<\/strong><\/span><\/td>\n<\/tr>\n<\/tbody>\n<\/table>\n<p>&nbsp;<\/p>\n<p><span data-mce-mark=\"1\"><b>Was Du \u00fcber den SC311m wissen musst<\/b><\/span><\/p>\n<p>Der SC311m ist ein komplettes Multiroom System f\u00fcr einen Raum: Verst\u00e4rker, Quellen, Steuerung: Alles in einem kompakten Geh\u00e4use in dem neben dem Netzteil eine Vielzahl von Anschlussm\u00f6glichkeiten vorgesehen sind.<\/p>\n<ul>\n<li>Enorm flexibel durch\u00a0<a href=\"https:\/\/www.trivum.de\/funktionen\/\">trivum t3OS Betriebssystem<\/a>.<\/li>\n<li><strong>Verst\u00e4rker<\/strong>\u00a0mit <strong>2&#215;30 Watt<\/strong><\/li>\n<li><strong>Streaming Client<\/strong><\/li>\n<li><strong>Bluetooth Empf\u00e4nger<\/strong><\/li>\n<li><strong>1 x DAB+\/FM Tuner<\/strong><\/li>\n<li><strong>1 x analog Line Input<\/strong><\/li>\n<li><strong>1 x digital TOSLink Input<\/strong><\/li>\n<li><strong>1 x analog Line Output<\/strong><\/li>\n<li><strong>2 x I\/O f\u00fcr Triggereing\u00e4nge oder Schaltausg\u00e4nge<\/strong><\/li>\n<li><strong>WLAN<\/strong><\/li>\n<li>Das Netzteil ist eingebaut<\/li>\n<li>USB-C Buchsen ab Q2 2022 durch Softwareupdate nutzbar<\/li>\n<li>Musikstreaming von\u00a0<strong>TuneIn, AirPlay, Spotify, Deezer, Tidal, Qobuz, Sound-Machine, NAS und Web URLs<\/strong><\/li>\n<li>Kostenlose App f\u00fcr iOS und Android oder per Browser zu bedienen<\/li>\n<li>Perfekt in KNX integriert<\/li>\n<li>Treiber f\u00fcr RTI, Control4 und URC kostenlos verf\u00fcgbar<\/li>\n<li>Der SC311m ist allein einsetzbar f\u00fcr 1 Zone. Er ist kombinierbar mit anderen trivum SoundSystemen f\u00fcr\u00a0<strong>bis zu 64 Zonen<\/strong>.<\/li>\n<\/ul>\n<p>&nbsp;<\/p>\n<hr \/>\n<p><span data-mce-mark=\"1\">Warum den SC311m und nicht den&#8230;\u00a0<\/span><\/p>\n<p><span data-mce-mark=\"1\"><a title=\"RP311v2\" href=\"https:\/\/www.trivum.de\/rp311v2\">RP311v2<\/a><\/span>:\u00a0Wie der SC311m ist der <a title=\"RP311v2\" href=\"https:\/\/www.trivum.de\/rp311v2\" target=\"_self\" rel=\"noopener\">RP311v2<\/a>\u00a0ein 1 Zonen System. Verst\u00e4rker, Streamer, DAB+\/FM Tuner und Line Input sind gleich. Allerdings hat der SC311m das Netzteil eingebaut, \u00a0einen Line Output, einen digitalen TOSLink Input, Bluetooth, WLAN und \u00a0noch 2 Trigger In\/Outputs.<\/p>\n<hr \/>\n<p><span data-mce-mark=\"1\">Eigenschaften des SC311m<\/span><\/p>\n<p><span data-mce-mark=\"1\">Streaming Client<\/span><\/p>\n<p>Streaming ist heute die wichtigste Musikquelle. Die trivum Streaming Clients k\u00f6nnen alle wichtigen Musikformate wiedergeben und erm\u00f6glichen eine reiche Auswahl an Musikquellen: Internet Radio (TuneIn), Spotify Connect, Deezer, Qobuz, Tidal, Sound-Machine, NAS, AirPlay, Text2Speech oder WebURLs.<\/p>\n<p><span data-mce-mark=\"1\">DAB+\/FM Tuner<\/span><\/p>\n<p>Neben dem Streaming Client steht ein DAB+\/FM Tuner zur Verf\u00fcgung. Speziell f\u00fcr das morgentliche Wecken wollen wir auf den eingebauten Tuner nicht verzichten: Unabh\u00e4ngig von der Verf\u00fcgbarkeit des Internets ist der Radioempfang \u00fcber DAB+\/FM immer sichergestellt. Das gibt die Sicherheit, dass morgens auch wirklich Musik aus den Lautsprechern kommt.<\/p>\n<p><span data-mce-mark=\"1\">Analoger Line Eingang<\/span><\/p>\n<p>Dieser universelle Eingang kann f\u00fcr z.B. CD-Spieler, Plattenspieler, Computer und viele weitere Ger\u00e4te verwendet werden. Die angeschlossene Quelle kann in der vom SC311m versorgten Zone geh\u00f6rt werden. Die Musiksignale werden nicht an andere trivum SoundSysteme \u00fcber Netzwerk weitergegeben.<\/p>\n<p>Um den Ton einer weit entfernten Quelle, z.B. vom Fernseher, bis in den Technikraum zu bringen, bieten sich Audio Extender L\u00f6sungen wie z.B. der trivum\u00a0<a href=\"https:\/\/www.trivum.de\/xt-line\">XT:LINE<\/a>\u00a0und trivum\u00a0<a title=\"XR:LINE\" href=\"https:\/\/www.trivum.de\/xr-line\" target=\"_self\" rel=\"noopener\">XR:LINE<\/a>\u00a0an. Bei der Planung der Verkabelung sollte ein eigenes CAT 6\/7 Kabel vom Fernseher bis zum Technikraum vorgesehen werden, damit der TV Ton \u00fcber das trivum Multiroom SoundSystem in anderen R\u00e4umen oder im Garten zu h\u00f6ren ist.<\/p>\n<p><span data-mce-mark=\"1\">Digitaler TOSLink Eingang<\/span><\/p>\n<p>Damit kann z.B. der Fernsehton \u00fcber das trivum SoundSystem wiedergegeben werden.<\/p>\n<p><span data-mce-mark=\"1\">Bluetooth Empf\u00e4nger<\/span><\/p>\n<p>Dank dem eingebauten Bluetooth Receiver kann der SC311m mit jedem Bluetooth Ger\u00e4t verbunden werden. Damit ist eine unkomplizierte Wiedergabe von Musik m\u00f6glich &#8211; auch von Smartphones von Besuchern, denen man keinen Zugriff auf das WLAN des Hauses gew\u00e4hren m\u00f6chte. Gerade Jugendliche und Kinder nutzen mit ihren Smartphones praktisch ausschliesslich Bluetooth.<\/p>\n<p><span data-mce-mark=\"1\">Analoger Line Ausgang<\/span><\/p>\n<p>Manchmal sind 2&#215;30 Watt Ausgangsleistung nicht genug: Zum Beispiel bei Wandfl\u00e4chenlautsprechern oder wenn grosse Standlautsprecher verwendet werden sollen. Dann kann \u00fcber den Line Ausgang ein externer Verst\u00e4rker verwendet werden. Oder du schliesst die normalen Lautsprecher an den Verst\u00e4rkerausgang des SC311m an und den aktiven Subwoofer \u00fcber den Line Ausgang. F\u00fcr diese F\u00e4lle hilft der eingebaute DSP dann mit einem Hochpass-Filter f\u00fcr die normalen Lautsprecher und einem Tiefpass-Filter f\u00fcr den Subwoofer.<\/p>\n<p><span data-mce-mark=\"1\">WLAN<\/span><\/p>\n<p>Falls der SC311m nicht per Netzwerkkabel ans LAN angeschlossen werden kann, besteht die M\u00f6glichkeit ihn per WLAN einzubinden.<\/p>\n<p><span data-mce-mark=\"1\">Anschlussm\u00f6glichkeiten der USB-C Buchsen<\/span><\/p>\n<p>Die 2 USB-C Buchsen (MDAT und SDAT) werden in einer sp\u00e4teren Softwareversion unterst\u00fctzt werden. Die Softwareversion wird im 2. Quartal 2022 kostenlos zur Verf\u00fcgung gestellt und \u00fcber das normale Software Update eingespielt.<br \/>\nGenaue Informationen \u00fcber die Funktionen und Verkn\u00fcpfungen von SC311m und SC344m Ger\u00e4ten werden dann auch hier beschrieben werden.<\/p>\n<p><span data-mce-mark=\"1\">Bedienung \/ Steuerung<\/span><\/p>\n<p>Dank der intuitiven App bedient sich das System kinderleicht &#8211; sowohl auf Smartphones, wie auch im Webbrowser oder auf den\u00a0<a href=\"https:\/\/www.trivum.de\/produkte\/touchpads\/\">trivum TouchPads<\/a>. Durch das trivum t3OS Betriebssystem sind die trivum SoundSysteme einfach und zugleich sehr flexibel. Es beinhaltet viele Zusatz-Funktionen, die den SC311m zu einer m\u00e4chtigen Zentrale in jedem Haus macht.<br \/>\nSchau Dir die Bedienung gleich jetzt in unserem\u00a0<a title=\"Live Demo Bereich\" href=\"https:\/\/www.trivum.de\/live-demo\/\" target=\"_blank\" rel=\"noopener\">Demo Bereich<\/a>\u00a0an.<\/p>\n<p><span data-mce-mark=\"1\">Klang und Verst\u00e4rkerleistung<\/span><\/p>\n<p>Die eine eingebaute digitale Stereo Endstufe liefert mit 2&#215;30 Watt Sinus mehr als genug Leistung f\u00fcr Einbaulautsprecher. Die bei den Lautsprechern angegebene Wattzahl muss dabei deutlich \u00fcber den 30 Watt liegen. Denn der Watt-Wert bei den Lautsprechern gibt die maximale Belastung des Lautsprechers an. Ist ein Lautsprecher mit 120 Watt angegeben, dann heisst das, dass er maximal mit 120 Watt betrieben werden kann. Normale Zimmerlautst\u00e4rke spielt sich unterhalb von 1 Watt ab. Somit sind 30 Watt Verst\u00e4rkerleistung f\u00fcr Multiroom Einbaulautsprecher mehr als genug Leistung.<\/p>\n<p>Einbaulautsprecher sind oft nicht perfekt abgestimmt. Das liegt an der Art des Einbaus oder an der Platzierung. Deshalb hat jeder trivum Verst\u00e4rker einen eingebauten DSP (Digital Sound Processor). Dank des DSP kann der Frequenzgang penibel angepasst werden. Dazu stehen nicht weniger als 5 parametrische Equalizer, Hoch- und Tiefpass, Bass-Enhance und nat\u00fcrlich Bass, Treble und Balance pro Verst\u00e4rker zur Verf\u00fcgung. Damit ist sogar die Entzerrung von unsichtbaren Fl\u00e4chenlautsprechern m\u00f6glich.<\/p>\n<p><span data-mce-mark=\"1\">KNX Integration<\/span><\/p>\n<p>Wie alle trivum Multiroom SoundSysteme, ist auch der SC311m komplett in KNX integriert. Einfache KNX Taster k\u00f6nnen dadurch die Musik im Raum steuern. Dazu gen\u00fcgen 4 Tasten! Falls eine KNX Visualisierung vorhanden oder geplant ist, kann diese die Musiksteuerung \u00fcbernehmen. Das geht sehr einfach, bedient sich toll und bringt einen echten Mehrwert in den Visualisierungen wie z.B. den\u00a0GIRA QuadClient, Homeserver oder GIRA G1\/X1.<\/p>\n<p>Neben der M\u00f6glichkeit die Musikfunktionen durch KNX zu steuern, bietet jedes trivum Multiroom System auch eine eigenst\u00e4ndige KNX Visualisierung. Damit kannst Du in der trivum App neben Musik auch Licht (RGB, RGBW, Tunable White), Heizung, Rolladen etc. steuern. Einfache Timer, Presets und Szenen sind ebenso Teil der trivum Visualisierung. Schau Dir die KNX Visualisierung in unserem\u00a0<a title=\"Live Demo Bereich\" href=\"https:\/\/www.trivum.de\/live-demo\/\" target=\"_blank\" rel=\"noopener\">Demo Bereich<\/a>\u00a0an.<\/p>\n<p><span data-mce-mark=\"1\">Control4, URC oder RTI Integration<\/span><\/p>\n<p>Der SC311m kann in die Mediensteuerung von RTI, URC und Control4 Systemen eingebunden werden. Die kostenlos verf\u00fcgbaren Treiber erm\u00f6glichen dem Integrator die Einbindung in die ganz individuelle Mediensteuerung. Damit kann das trivum Multiroom System mit den von RTI, URC oder Control4 verf\u00fcgbaren Fernbedienungen gesteuert und weiter automatisiert werden.<\/p>\n<p><span data-mce-mark=\"1\">Paging \/ Text2Speech<\/span><\/p>\n<p>Die\u00a0eingebaute Paging Funktion erm\u00f6glicht verschiedene Durchsagen: Entweder per Mikrofon (angeschlossen am Line Input) oder durch die Text2Speech Funktion: Dabei wird ein von Dir beliebig eingebenender Text in Sprache umgewandelt und dann als Durchsage abgespielt. Durchsagen werden von KNX oder durch Actions gestartet und k\u00f6nnen in ausgew\u00e4hlten oder allen Zonen mit vordefinierten Lautst\u00e4rken abgespielt werden. Bei Bedarf auch noch mit einem Gong davor. Das Paging kann auch als Haust\u00fcrklingel verwendet werden &#8211; oder auf Knopfdruck &#8220;Kinder bitte hochkommen. Das Essen ist fertig&#8221;.<\/p>\n<p><span data-mce-mark=\"1\">Einblenden von z.B. Mikrofon Durchsagen<\/span><\/p>\n<p>Audiosignale die am analogen oder digitalen Eingang anliegen, k\u00f6nnen mit einer Mikrofon-Taste in der Musiksteuerung zur aktuellen Musik (z.B. ein Streaming Dienst) zugemischt werden. Das kann pro Zone in der Konfiguration aktiviert werden. F\u00fcr gewerbliche Eins\u00e4tze ist das Ideal: So werden Mikrofondurchsagen bei laufender Hintergrundsmusik ganz einfach m\u00f6glich.<\/p>\n<p><span data-mce-mark=\"1\">Mixes<\/span><\/p>\n<p>Falls mehr als ein Line Input vorhanden ist (der SC311m hat 2: analog + digital), k\u00f6nnen mit der Mix Funktion mehrere Zuspieler gleichzeitig geh\u00f6rt werden. Dazu kann dann pro Mix Preset das Verh\u00e4ltnis der Line Inputs zueinander eingestellt werden. Eine Funktion, die in Tagungsr\u00e4umen mit mehrern Mikrofonen Einsatz findet.<\/p>\n<p><span data-mce-mark=\"1\">Background Music<\/span><\/p>\n<p>Mit &#8220;Background Music&#8221; kann auf einfache Weise dieselbe Musik geh\u00f6rt werden &#8211; ohne Zonen zu gruppieren. Dies ist ideal, bei gewerblichen Installationen mit vielen verschiedenen Bereichen.<br \/>\nHintergrundmusik wird von einer speziellen Zone bereitgestellt, und alle anderen Zonen k\u00f6nnen die Musik dieser Zone als Quelle verwenden.<\/p>\n<p><span data-mce-mark=\"1\"><strong>Makros<\/strong><\/span><\/p>\n<p>Jedes\u00a0trivum Multiroom System hat die M\u00f6glichkeit Makros zu definieren und per Action oder KNX Event zu starten. Ein Makro ist eine Reihenfolge von Makroschritten. Dabei kann ein Schritt ein TCP, UDP, HTTP, MQTT, KNX, Delay oder wiederum ein trivum Action Befehl sein.<\/p>\n<p><span data-mce-mark=\"1\"><strong>NodeRed \/ MQTT<\/strong><\/span><\/p>\n<p>Um IoT Anwendungen zu unterst\u00fctzen, beinhaltet jedes trivum Multiroom System eine einfache NodeRed und MQTT Schnittstelle. Damit kannst Du das trivum Multiroom System mit der ganzen Welt der IoT Technik verbinden.<\/p>\n<p><span data-mce-mark=\"1\">trivum API<\/span><\/p>\n<p>Viele Funktionen des trivum Multiroom Systems sind \u00fcber die Developer API von trivum ansprechbar. Das heisst, dass Du mit einfachen HTTP Requests vollen Zugriff auf das System hast. Du erh\u00e4ltst vollst\u00e4ndige Zonen Status Informationen augenblicklich bei \u00c4nderung im XML Format zur\u00fcck. Damit kannst Du das trivum Multiroom System in Deine eigene Visualisierung oder Mediensteuerung integrieren.<\/p>\n<p>Ihr Fachgesch\u00e4ft f\u00fcr Geb\u00e4udeautomation \/ Home Automation und Smart Home in Baar und Zug<\/p>\n[fusion_builder_container admin_label=\"Test\" hundred_percent=\"no\" hundred_percent_height=\"no\" hundred_percent_height_scroll=\"no\" hundred_percent_height_center_content=\"yes\" equal_height_columns=\"yes\" menu_anchor=\"\" hide_on_mobile=\"small-visibility,medium-visibility,large-visibility\" status=\"published\" publish_date=\"\" class=\"\" id=\"\" link_color=\"\" link_hover_color=\"\" border_size=\"\" border_color=\"\" border_style=\"solid\" margin_top=\"\" margin_bottom=\"\" padding_top=\"\" padding_right=\"\" padding_bottom=\"\" padding_left=\"\" gradient_start_color=\"\" gradient_end_color=\"\" gradient_start_position=\"0\" gradient_end_position=\"100\" gradient_type=\"linear\" radial_direction=\"center center\" linear_angle=\"180\" background_color=\"\" background_image=\"\" background_position=\"center center\" background_repeat=\"no-repeat\" fade=\"no\" background_parallax=\"none\" enable_mobile=\"no\" parallax_speed=\"0.3\" background_blend_mode=\"none\" video_mp4=\"\" video_webm=\"\" video_ogv=\"\" video_url=\"\" video_aspect_ratio=\"16:9\" video_loop=\"yes\" video_mute=\"yes\" video_preview_image=\"\" filter_hue=\"0\" filter_saturation=\"100\" filter_brightness=\"100\" filter_contrast=\"100\" filter_invert=\"0\" filter_sepia=\"0\" filter_opacity=\"100\" filter_blur=\"0\" filter_hue_hover=\"0\" filter_saturation_hover=\"100\" filter_brightness_hover=\"100\" filter_contrast_hover=\"100\" filter_invert_hover=\"0\" filter_sepia_hover=\"0\" filter_opacity_hover=\"100\" filter_blur_hover=\"0\"][fusion_builder_row][fusion_builder_column type=\"3_4\" layout=\"3_4\" spacing=\"\" center_content=\"no\" link=\"\" target=\"_self\" min_height=\"\" hide_on_mobile=\"small-visibility,medium-visibility,large-visibility\" class=\"\" id=\"\" hover_type=\"none\" border_size=\"0\" border_color=\"\" border_style=\"solid\" border_position=\"all\" border_radius=\"\" box_shadow=\"no\" dimension_box_shadow=\"\" box_shadow_blur=\"0\" box_shadow_spread=\"0\" box_shadow_color=\"\" box_shadow_style=\"\" padding_top=\"\" padding_right=\"\" padding_bottom=\"\" padding_left=\"\" margin_top=\"\" margin_bottom=\"\" background_type=\"single\" gradient_start_color=\"\" gradient_end_color=\"\" gradient_start_position=\"0\" gradient_end_position=\"100\" gradient_type=\"linear\" radial_direction=\"center center\" linear_angle=\"180\" background_color=\"\" background_image=\"\" background_image_id=\"\" background_position=\"left top\" background_repeat=\"no-repeat\" background_blend_mode=\"none\" animation_type=\"\" animation_direction=\"left\" animation_speed=\"0.3\" animation_offset=\"\" filter_type=\"regular\" filter_hue=\"0\" filter_saturation=\"100\" filter_brightness=\"100\" filter_contrast=\"100\" filter_invert=\"0\" filter_sepia=\"0\" filter_opacity=\"100\" filter_blur=\"0\" filter_hue_hover=\"0\" filter_saturation_hover=\"100\" filter_brightness_hover=\"100\" filter_contrast_hover=\"100\" filter_invert_hover=\"0\" filter_sepia_hover=\"0\" filter_opacity_hover=\"100\" filter_blur_hover=\"0\" last=\"no\"][fusion_text columns=\"\" column_min_width=\"\" column_spacing=\"\" rule_style=\"default\" rule_size=\"\" rule_color=\"\" hide_on_mobile=\"small-visibility,medium-visibility,large-visibility\" class=\"\" id=\"\" animation_type=\"\" animation_direction=\"left\" animation_speed=\"0.3\" animation_offset=\"\"][fusion_fontawesome icon=\"fa-check fas\" size=\"\" flip=\"\" rotate=\"\" spin=\"no\" alignment=\"\" hide_on_mobile=\"small-visibility,medium-visibility,large-visibility\" class=\"\" id=\"\" margin_top=\"\" margin_right=\"\" margin_bottom=\"\" margin_left=\"\" circle=\"no\" iconcolor=\"#8bc34a\" circlecolor=\"\" circlebordercolor=\"\" animation_type=\"\" animation_direction=\"down\" animation_speed=\"0.1\" animation_offset=\"\" iconcolor_hover=\"#8bc34a\" circlecolor_hover=\"\" circlebordercolor_hover=\"\" \/]Auf wunsch k\u00f6nnen die Artikel von unserem geschulten Serviceteam geliefert, installiert und an Sie instruiert werden.[\/fusion_text][\/fusion_builder_column][fusion_builder_column type=\"1_4\" spacing=\"\" center_content=\"yes\" link=\"\" target=\"_self\" min_height=\"\" hide_on_mobile=\"small-visibility,medium-visibility,large-visibility\" class=\"\" id=\"\" background_image_id=\"\" hover_type=\"none\" border_size=\"0\" border_color=\"\" border_style=\"solid\" border_position=\"all\" border_radius_top_left=\"\" border_radius_top_right=\"\" border_radius_bottom_right=\"\" border_radius_bottom_left=\"\" box_shadow=\"no\" box_shadow_vertical=\"\" box_shadow_horizontal=\"\" box_shadow_blur=\"0\" box_shadow_spread=\"0\" box_shadow_color=\"\" box_shadow_style=\"\" padding_top=\"\" padding_right=\"\" padding_bottom=\"\" padding_left=\"\" margin_top=\"\" margin_bottom=\"\" background_type=\"single\" gradient_start_color=\"\" gradient_end_color=\"\" gradient_start_position=\"0\" gradient_end_position=\"100\" gradient_type=\"linear\" radial_direction=\"center center\" linear_angle=\"180\" background_color=\"\" background_image=\"\" background_position=\"left top\" background_repeat=\"no-repeat\" background_blend_mode=\"none\" animation_type=\"\" animation_direction=\"left\" animation_speed=\"0.3\" animation_offset=\"\" filter_type=\"regular\" filter_hue=\"0\" filter_saturation=\"100\" filter_brightness=\"100\" filter_contrast=\"100\" filter_invert=\"0\" filter_sepia=\"0\" filter_opacity=\"100\" filter_blur=\"0\" filter_hue_hover=\"0\" filter_saturation_hover=\"100\" filter_brightness_hover=\"100\" filter_contrast_hover=\"100\" filter_invert_hover=\"0\" filter_sepia_hover=\"0\" filter_opacity_hover=\"100\" filter_blur_hover=\"0\" last=\"no\"][fusion_text]<\/p>\n<p style=\"text-align: right;\"><a class=\"switchtab\" href=\"#tab-offerte-anfragen\"><button class=\"single_add_to_cart_button button alt\">Anfragen<\/button><\/a><\/p>\n<p>[\/fusion_text][\/fusion_builder_column][\/fusion_builder_row][\/fusion_builder_container]\n","protected":false},"featured_media":5342,"comment_status":"open","ping_status":"closed","template":"","meta":{"_monsterinsights_skip_tracking":false,"_monsterinsights_sitenote_active":false,"_monsterinsights_sitenote_note":"","_monsterinsights_sitenote_category":0},"product_brand":[],"product_cat":[18,23],"product_tag":[],"woo-feed-brand":[],"class_list":{"0":"post-901","1":"product","2":"type-product","3":"status-publish","4":"has-post-thumbnail","6":"product_cat-multiroom","7":"product_cat-systeme","9":"first","10":"instock","11":"shipping-taxable","12":"purchasable","13":"product-type-simple"},"_links":{"self":[{"href":"https:\/\/erzingerag.ch\/webshop\/wp-json\/wp\/v2\/product\/901","targetHints":{"allow":["GET"]}}],"collection":[{"href":"https:\/\/erzingerag.ch\/webshop\/wp-json\/wp\/v2\/product"}],"about":[{"href":"https:\/\/erzingerag.ch\/webshop\/wp-json\/wp\/v2\/types\/product"}],"replies":[{"embeddable":true,"href":"https:\/\/erzingerag.ch\/webshop\/wp-json\/wp\/v2\/comments?post=901"}],"wp:featuredmedia":[{"embeddable":true,"href":"https:\/\/erzingerag.ch\/webshop\/wp-json\/wp\/v2\/media\/5342"}],"wp:attachment":[{"href":"https:\/\/erzingerag.ch\/webshop\/wp-json\/wp\/v2\/media?parent=901"}],"wp:term":[{"taxonomy":"product_brand","embeddable":true,"href":"https:\/\/erzingerag.ch\/webshop\/wp-json\/wp\/v2\/product_brand?post=901"},{"taxonomy":"product_cat","embeddable":true,"href":"https:\/\/erzingerag.ch\/webshop\/wp-json\/wp\/v2\/product_cat?post=901"},{"taxonomy":"product_tag","embeddable":true,"href":"https:\/\/erzingerag.ch\/webshop\/wp-json\/wp\/v2\/product_tag?post=901"},{"taxonomy":"woo-feed-brand","embeddable":true,"href":"https:\/\/erzingerag.ch\/webshop\/wp-json\/wp\/v2\/woo-feed-brand?post=901"}],"curies":[{"name":"wp","href":"https:\/\/api.w.org\/{rel}","templated":true}]}}